{"id":394,"date":"2025-08-20T11:48:35","date_gmt":"2025-08-20T11:48:35","guid":{"rendered":"https:\/\/impactcirclegermany.eu\/?page_id=394"},"modified":"2025-09-22T18:07:09","modified_gmt":"2025-09-22T18:07:09","slug":"our-partners","status":"publish","type":"page","link":"https:\/\/impactcirclegermany.eu\/de\/our-partners\/","title":{"rendered":"Wer wir sind"},"content":{"rendered":"<style>.elementor-394 .elementor-element.elementor-element-8ac63f4 > .elementor-container{max-width:1200px;}.elementor-394 .elementor-element.elementor-element-8ac63f4 > .elementor-container > .elementor-column > .elementor-widget-wrap{align-content:center;align-items:center;}.elementor-394 .elementor-element.elementor-element-8ac63f4:not(.elementor-motion-effects-element-type-background), .elementor-394 .elementor-element.elementor-element-8ac63f4 > .elementor-motion-effects-container > .elementor-motion-effects-layer{background-image:url(\"https:\/\/impactcirclegermany.eu\/wp-content\/uploads\/2025\/08\/WhatsApp-Image-2025-08-13-at-5.43.45-PM.jpeg\");background-position:center center;background-repeat:no-repeat;background-size:cover;}.elementor-394 .elementor-element.elementor-element-8ac63f4 > .elementor-background-overlay{background-color:var( --e-global-color-primary );opacity:0.9;transition:background 0.3s, border-radius 0.3s, opacity 0.3s;}.elementor-394 .elementor-element.elementor-element-8ac63f4{transition:background 0.3s, border 0.3s, border-radius 0.3s, box-shadow 0.3s;padding:150px 0px 0140px 0px;z-index:0;}.elementor-394 .elementor-element.elementor-element-305f9ce{--display:flex;}@media(max-width:1024px){.elementor-394 .elementor-element.elementor-element-8ac63f4:not(.elementor-motion-effects-element-type-background), .elementor-394 .elementor-element.elementor-element-8ac63f4 > .elementor-motion-effects-container > .elementor-motion-effects-layer{background-position:center center;}.elementor-394 .elementor-element.elementor-element-8ac63f4{margin-top:0px;margin-bottom:0px;padding:210px 10px 140px 10px;}}@media(max-width:767px){.elementor-394 .elementor-element.elementor-element-8ac63f4{margin-top:0px;margin-bottom:0px;padding:120px 10px 80px 10px;}}<\/style>\t\t<div data-elementor-type=\"wp-page\" data-elementor-id=\"394\" class=\"elementor elementor-394\" data-elementor-post-type=\"page\">\n\t\t\t\t\t\t<section class=\"elementor-section elementor-top-section elementor-element elementor-element-8ac63f4 elementor-section-content-middle elementor-section-boxed elementor-section-height-default elementor-section-height-default\" data-id=\"8ac63f4\" data-element_type=\"section\" data-e-type=\"section\" data-settings=\"{&quot;background_background&quot;:&quot;classic&quot;}\">\n\t\t\t\t\t\t\t<div class=\"elementor-background-overlay\"><\/div>\n\t\t\t\t\t\t\t<div class=\"elementor-container elementor-column-gap-default\">\n\t\t\t\t\t<div class=\"elementor-column elementor-col-100 elementor-top-column elementor-element elementor-element-7de2cfc\" data-id=\"7de2cfc\" data-element_type=\"column\" data-e-type=\"column\">\n\t\t\t<div class=\"elementor-widget-wrap\">\n\t\t\t\t\t\t\t<\/div>\n\t\t<\/div>\n\t\t\t\t\t<\/div>\n\t\t<\/section>\n\t\t<div class=\"elementor-element elementor-element-305f9ce e-flex e-con-boxed e-con e-parent\" data-id=\"305f9ce\" data-element_type=\"container\" data-e-type=\"container\">\n\t\t\t\t\t<div class=\"e-con-inner\">\n\t\t\t\t<div class=\"elementor-element elementor-element-0c7c5f4 elementor-widget elementor-widget-text-editor\" data-id=\"0c7c5f4\" data-element_type=\"widget\" data-e-type=\"widget\" data-widget_type=\"text-editor.default\">\n\t\t\t\t\t\t\t\t\t<p data-start=\"296\" data-end=\"632\">Impact Circle Deutschland e.V. ist ein <strong data-start=\"328\" data-end=\"367\">Gemeinn\u00fctziger Verein mit Sitz in Berlin<\/strong> die sich der F\u00f6rderung der Entwicklungszusammenarbeit und der humanit\u00e4ren Hilfe verschrieben hat. In Deutschland rechtlich anerkannt, d\u00fcrfen wir Projekte durchf\u00fchren in <strong data-start=\"513\" data-end=\"580\">L\u00e4nder und Gebiete mit \u00f6ffentlicher Entwicklungshilfe (ODA)<\/strong>mit Kamerun als einem unserer derzeitigen Schwerpunktgebiete.<\/p><p data-start=\"634\" data-end=\"862\">Wir existieren, um <strong data-start=\"646\" data-end=\"709\">Br\u00fccken zwischen Gemeinschaften, Wissen und Ressourcen schlagen<\/strong> - Mobilisierung von Fachwissen aus Deutschland und anderen L\u00e4ndern, um lokal gef\u00fchrte Initiativen zu unterst\u00fctzen, die dringende soziale, wirtschaftliche und \u00f6kologische Herausforderungen angehen.<\/p><p data-start=\"864\" data-end=\"884\">Unsere Arbeit f\u00f6rdert:<\/p><ul data-start=\"885\" data-end=\"1117\"><li data-start=\"885\" data-end=\"934\"><p data-start=\"887\" data-end=\"934\"><strong data-start=\"887\" data-end=\"932\">Nachhaltige Lebensgrundlagen und Ern\u00e4hrungssicherheit<\/strong><\/p><\/li><li data-start=\"935\" data-end=\"985\"><p data-start=\"937\" data-end=\"985\"><strong data-start=\"937\" data-end=\"983\">Zugang zu Bildung und Kompetenzentwicklung<\/strong><\/p><\/li><li data-start=\"986\" data-end=\"1037\"><p data-start=\"988\" data-end=\"1037\"><strong data-start=\"988\" data-end=\"1035\">Klimama\u00dfnahmen und Umweltschutz<\/strong><\/p><\/li><li data-start=\"1038\" data-end=\"1117\"><p data-start=\"1040\" data-end=\"1117\"><strong data-start=\"1040\" data-end=\"1115\">Soziale Eingliederung und Empowerment von Frauen, Jugendlichen und Vertriebenen<\/strong><\/p><\/li><\/ul><p data-start=\"1119\" data-end=\"1242\">In unserem Kern glauben wir an <strong data-start=\"1146\" data-end=\"1189\">Partnerschaft, Solidarit\u00e4t und Innovation<\/strong> als Wege zu einer gerechteren und nachhaltigeren Zukunft.<\/p>\t\t\t\t\t\t\t\t<\/div>\n\t\t\t\t\t<\/div>\n\t\t\t\t<\/div>\n\t\t\t\t<\/div>","protected":false},"excerpt":{"rendered":"<p>Impact Circle Germany e.V. is a Berlin-based non-profit association dedicated to advancing development cooperation and humanitarian action. Legally recognized in Germany, we are permitted to implement projects in Official Development Assistance (ODA) countries and territories, with Cameroon as one of our current focus areas. We exist to build bridges between communities, knowledge, and resources &#8211; [&hellip;]<\/p>","protected":false},"author":2,"featured_media":0,"parent":0,"menu_order":0,"comment_status":"closed","ping_status":"closed","template":"","meta":{"footnotes":""},"class_list":["post-394","page","type-page","status-publish","hentry"],"_links":{"self":[{"href":"https:\/\/impactcirclegermany.eu\/de\/wp-json\/wp\/v2\/pages\/394","targetHints":{"allow":["GET"]}}],"collection":[{"href":"https:\/\/impactcirclegermany.eu\/de\/wp-json\/wp\/v2\/pages"}],"about":[{"href":"https:\/\/impactcirclegermany.eu\/de\/wp-json\/wp\/v2\/types\/page"}],"author":[{"embeddable":true,"href":"https:\/\/impactcirclegermany.eu\/de\/wp-json\/wp\/v2\/users\/2"}],"replies":[{"embeddable":true,"href":"https:\/\/impactcirclegermany.eu\/de\/wp-json\/wp\/v2\/comments?post=394"}],"version-history":[{"count":26,"href":"https:\/\/impactcirclegermany.eu\/de\/wp-json\/wp\/v2\/pages\/394\/revisions"}],"predecessor-version":[{"id":812,"href":"https:\/\/impactcirclegermany.eu\/de\/wp-json\/wp\/v2\/pages\/394\/revisions\/812"}],"wp:attachment":[{"href":"https:\/\/impactcirclegermany.eu\/de\/wp-json\/wp\/v2\/media?parent=394"}],"curies":[{"name":"wp","href":"https:\/\/api.w.org\/{rel}","templated":true}]}}