{"id":705,"date":"2025-09-18T18:50:52","date_gmt":"2025-09-18T18:50:52","guid":{"rendered":"https:\/\/impactcirclegermany.eu\/?page_id=705"},"modified":"2025-09-23T04:04:43","modified_gmt":"2025-09-23T04:04:43","slug":"our-story","status":"publish","type":"page","link":"https:\/\/impactcirclegermany.eu\/de\/our-story\/","title":{"rendered":"Unsere Geschichte"},"content":{"rendered":"<style>.elementor-705 .elementor-element.elementor-element-ca258f4{--display:flex;--flex-direction:row;--container-widget-width:initial;--container-widget-height:100%;--container-widget-flex-grow:1;--container-widget-align-self:stretch;--flex-wrap-mobile:wrap;--gap:0px 0px;--row-gap:0px;--column-gap:0px;}.elementor-705 .elementor-element.elementor-element-7999bab{--display:flex;}.elementor-705 .elementor-element.elementor-element-6f56b1b{--display:flex;--gap:0px 0px;--row-gap:0px;--column-gap:0px;--padding-top:0px;--padding-bottom:0px;--padding-left:0px;--padding-right:0px;}.elementor-705 .elementor-element.elementor-element-0693ce2{--display:flex;}.elementor-705 .elementor-element.elementor-element-965e3ff{--display:flex;}@media(min-width:768px){.elementor-705 .elementor-element.elementor-element-7999bab{--width:50%;}.elementor-705 .elementor-element.elementor-element-6f56b1b{--width:50%;}}<\/style>\t\t<div data-elementor-type=\"wp-page\" data-elementor-id=\"705\" class=\"elementor elementor-705\" data-elementor-post-type=\"page\">\n\t\t\t\t<div class=\"elementor-element elementor-element-ca258f4 e-flex e-con-boxed e-con e-parent\" data-id=\"ca258f4\" data-element_type=\"container\" data-e-type=\"container\">\n\t\t\t\t\t<div class=\"e-con-inner\">\n\t\t<div class=\"elementor-element elementor-element-7999bab e-con-full e-flex e-con e-child\" data-id=\"7999bab\" data-element_type=\"container\" data-e-type=\"container\">\n\t\t\t\t<div class=\"elementor-element elementor-element-0244257 elementor-widget elementor-widget-text-editor\" data-id=\"0244257\" data-element_type=\"widget\" data-e-type=\"widget\" data-widget_type=\"text-editor.default\">\n\t\t\t\t\t\t\t\t\t<p data-start=\"447\" data-end=\"783\">Impact Circle Germany e.V. entstand aus der tiefen Sorge um die Herausforderungen, denen Fl\u00fcchtlinge und Migranten aus Subsahara-Afrika ausgesetzt sind. Jedes Jahr wagen Tausende eine gef\u00e4hrliche Reise durch die Sahara und das Mittelmeer, getrieben von Konflikten, Menschenrechtsverletzungen, Verfolgung und Armut auf der Suche nach einem besseren Leben in Europa.<\/p><p data-start=\"785\" data-end=\"934\">Viele schaffen es nie. Diejenigen, die es schaffen, sehen sich oft mit neuen Problemen konfrontiert - von L\u00fccken in der Integration bis hin zu begrenzten M\u00f6glichkeiten der Wiederansiedlung oder der freiwilligen R\u00fcckkehr.<\/p><p data-start=\"936\" data-end=\"1196\">Unsere Gr\u00fcnder, die selbst Wurzeln in Afrika und Erfahrungen in Europa haben, erkannten den dringenden Bedarf an L\u00f6sungen, die \u00fcber die Krisenreaktion hinausgehen. <strong data-start=\"1081\" data-end=\"1194\">Impact Circle Germany e.V. wurde gegr\u00fcndet, um lokale Aktionen in Afrika mit der Interessenvertretung und Unterst\u00fctzung in Europa zu verbinden.<\/strong><\/p><p data-start=\"1198\" data-end=\"1231\">Mit unserer Arbeit streben wir danach:<\/p><ul data-start=\"1232\" data-end=\"1549\"><li data-start=\"1232\" data-end=\"1340\"><p data-start=\"1234\" data-end=\"1340\"><strong data-start=\"1234\" data-end=\"1291\">F\u00f6rderung der nachhaltigen Entwicklung in den afrikanischen L\u00e4ndern s\u00fcdlich der Sahara<\/strong> die Ursachen der erzwungenen Migration zu bek\u00e4mpfen.<\/p><\/li><li data-start=\"1341\" data-end=\"1463\"><p data-start=\"1343\" data-end=\"1463\"><strong data-start=\"1343\" data-end=\"1387\">Unterst\u00fctzung von Fl\u00fcchtlingen und Migranten in Deutschland<\/strong> mit M\u00f6glichkeiten des Schutzes, der Integration oder der freiwilligen R\u00fcckkehr in W\u00fcrde.<\/p><\/li><li data-start=\"1464\" data-end=\"1549\"><p data-start=\"1466\" data-end=\"1549\"><strong data-start=\"1466\" data-end=\"1520\">St\u00e4rkung von Menschenrechten und humanit\u00e4ren Ma\u00dfnahmen<\/strong> sowohl in Afrika als auch in Europa.<\/p><\/li><\/ul><p data-start=\"1551\" data-end=\"1716\">Unsere Geschichte ist eine Geschichte der Solidarit\u00e4t \u00fcber Grenzen hinweg - wir verbinden die Hoffnungen junger Menschen in Afrika mit Chancen, W\u00fcrde und Gerechtigkeit, wo immer sie sich befinden.<\/p>\t\t\t\t\t\t\t\t<\/div>\n\t\t\t\t<\/div>\n\t\t<div class=\"elementor-element elementor-element-6f56b1b e-con-full e-flex e-con e-child\" data-id=\"6f56b1b\" data-element_type=\"container\" data-e-type=\"container\">\n\t\t<div class=\"elementor-element elementor-element-0693ce2 e-con-full e-flex e-con e-child\" data-id=\"0693ce2\" data-element_type=\"container\" data-e-type=\"container\">\n\t\t\t\t<div class=\"elementor-element elementor-element-2de758e elementor-widget elementor-widget-image\" data-id=\"2de758e\" data-element_type=\"widget\" data-e-type=\"widget\" data-widget_type=\"image.default\">\n\t\t\t\t\t\t\t\t\t\t\t\t\t\t\t<img fetchpriority=\"high\" decoding=\"async\" width=\"800\" height=\"450\" src=\"https:\/\/impactcirclegermany.eu\/wp-content\/uploads\/2025\/09\/The-suffocating-desert-IRC-1024x576.png\" class=\"attachment-large size-large wp-image-814\" alt=\"The suffocating desert - IRC\" srcset=\"https:\/\/impactcirclegermany.eu\/wp-content\/uploads\/2025\/09\/The-suffocating-desert-IRC-1024x576.png 1024w, https:\/\/impactcirclegermany.eu\/wp-content\/uploads\/2025\/09\/The-suffocating-desert-IRC-300x169.png 300w, https:\/\/impactcirclegermany.eu\/wp-content\/uploads\/2025\/09\/The-suffocating-desert-IRC-768x432.png 768w, https:\/\/impactcirclegermany.eu\/wp-content\/uploads\/2025\/09\/The-suffocating-desert-IRC-1536x864.png 1536w, https:\/\/impactcirclegermany.eu\/wp-content\/uploads\/2025\/09\/The-suffocating-desert-IRC-2048x1152.png 2048w, https:\/\/impactcirclegermany.eu\/wp-content\/uploads\/2025\/09\/The-suffocating-desert-IRC-18x10.png 18w\" sizes=\"(max-width: 800px) 100vw, 800px\" \/>\t\t\t\t\t\t\t\t\t\t\t\t\t\t\t<\/div>\n\t\t\t\t<\/div>\n\t\t<div class=\"elementor-element elementor-element-965e3ff e-con-full e-flex e-con e-child\" data-id=\"965e3ff\" data-element_type=\"container\" data-e-type=\"container\">\n\t\t\t\t<div class=\"elementor-element elementor-element-8fa6628 elementor-widget elementor-widget-image\" data-id=\"8fa6628\" data-element_type=\"widget\" data-e-type=\"widget\" data-widget_type=\"image.default\">\n\t\t\t\t\t\t\t\t\t\t\t\t\t\t\t<img decoding=\"async\" width=\"800\" height=\"554\" src=\"https:\/\/impactcirclegermany.eu\/wp-content\/uploads\/2025\/09\/The-perilous-Mediterranean-IRC-1024x709.png\" class=\"attachment-large size-large wp-image-815\" alt=\"The suffocating desert - IRC\" srcset=\"https:\/\/impactcirclegermany.eu\/wp-content\/uploads\/2025\/09\/The-perilous-Mediterranean-IRC-1024x709.png 1024w, https:\/\/impactcirclegermany.eu\/wp-content\/uploads\/2025\/09\/The-perilous-Mediterranean-IRC-300x208.png 300w, https:\/\/impactcirclegermany.eu\/wp-content\/uploads\/2025\/09\/The-perilous-Mediterranean-IRC-768x532.png 768w, https:\/\/impactcirclegermany.eu\/wp-content\/uploads\/2025\/09\/The-perilous-Mediterranean-IRC-1536x1063.png 1536w, https:\/\/impactcirclegermany.eu\/wp-content\/uploads\/2025\/09\/The-perilous-Mediterranean-IRC-18x12.png 18w, https:\/\/impactcirclegermany.eu\/wp-content\/uploads\/2025\/09\/The-perilous-Mediterranean-IRC.png 1920w\" sizes=\"(max-width: 800px) 100vw, 800px\" \/>\t\t\t\t\t\t\t\t\t\t\t\t\t\t\t<\/div>\n\t\t\t\t<\/div>\n\t\t\t\t<\/div>\n\t\t\t\t\t<\/div>\n\t\t\t\t<\/div>\n\t\t\t\t<\/div>","protected":false},"excerpt":{"rendered":"<p>Impact Circle Germany e.V. was born out of a deep concern for the challenges faced by refugees and migrants from Sub-Saharan Africa. Every year, thousands risk dangerous journeys across the Sahara Desert and the Mediterranean, driven by conflict, human rights violations, persecution, and poverty in search of a better life in Europe. Many never make [&hellip;]<\/p>","protected":false},"author":2,"featured_media":0,"parent":0,"menu_order":0,"comment_status":"closed","ping_status":"closed","template":"","meta":{"footnotes":""},"class_list":["post-705","page","type-page","status-publish","hentry"],"_links":{"self":[{"href":"https:\/\/impactcirclegermany.eu\/de\/wp-json\/wp\/v2\/pages\/705","targetHints":{"allow":["GET"]}}],"collection":[{"href":"https:\/\/impactcirclegermany.eu\/de\/wp-json\/wp\/v2\/pages"}],"about":[{"href":"https:\/\/impactcirclegermany.eu\/de\/wp-json\/wp\/v2\/types\/page"}],"author":[{"embeddable":true,"href":"https:\/\/impactcirclegermany.eu\/de\/wp-json\/wp\/v2\/users\/2"}],"replies":[{"embeddable":true,"href":"https:\/\/impactcirclegermany.eu\/de\/wp-json\/wp\/v2\/comments?post=705"}],"version-history":[{"count":4,"href":"https:\/\/impactcirclegermany.eu\/de\/wp-json\/wp\/v2\/pages\/705\/revisions"}],"predecessor-version":[{"id":818,"href":"https:\/\/impactcirclegermany.eu\/de\/wp-json\/wp\/v2\/pages\/705\/revisions\/818"}],"wp:attachment":[{"href":"https:\/\/impactcirclegermany.eu\/de\/wp-json\/wp\/v2\/media?parent=705"}],"curies":[{"name":"wp","href":"https:\/\/api.w.org\/{rel}","templated":true}]}}