{"id":756,"date":"2025-09-19T10:00:09","date_gmt":"2025-09-19T10:00:09","guid":{"rendered":"https:\/\/impactcirclegermany.eu\/?page_id=756"},"modified":"2025-09-19T15:27:19","modified_gmt":"2025-09-19T15:27:19","slug":"transparency","status":"publish","type":"page","link":"https:\/\/impactcirclegermany.eu\/de\/transparency\/","title":{"rendered":"Transparenz"},"content":{"rendered":"<style>.elementor-756 .elementor-element.elementor-element-5d1b5222{--display:flex;}.elementor-756 .elementor-element.elementor-element-2f3e57a{--display:flex;}.elementor-756 .elementor-element.elementor-element-8007f46{text-align:center;}.elementor-756 .elementor-element.elementor-element-f099465{--divider-border-style:solid;--divider-color:#000;--divider-border-width:1px;}.elementor-756 .elementor-element.elementor-element-f099465 .elementor-divider-separator{width:100%;}.elementor-756 .elementor-element.elementor-element-f099465 .elementor-divider{padding-block-start:15px;padding-block-end:15px;}.elementor-756 .elementor-element.elementor-element-90623a2{--display:flex;}.elementor-756 .elementor-element.elementor-element-4760cd1{text-align:start;}.elementor-756 .elementor-element.elementor-element-21934c2{--divider-border-style:solid;--divider-color:#000;--divider-border-width:1px;}.elementor-756 .elementor-element.elementor-element-21934c2 .elementor-divider-separator{width:100%;}.elementor-756 .elementor-element.elementor-element-21934c2 .elementor-divider{padding-block-start:15px;padding-block-end:15px;}.elementor-756 .elementor-element.elementor-element-70819e2{--display:flex;}.elementor-756 .elementor-element.elementor-element-faf39b3{--display:flex;}.elementor-756 .elementor-element.elementor-element-8b9221e{--display:flex;}.elementor-756 .elementor-element.elementor-element-18e1709{--divider-border-style:solid;--divider-color:#000;--divider-border-width:1px;}.elementor-756 .elementor-element.elementor-element-18e1709 .elementor-divider-separator{width:100%;}.elementor-756 .elementor-element.elementor-element-18e1709 .elementor-divider{padding-block-start:15px;padding-block-end:15px;}.elementor-756 .elementor-element.elementor-element-adafb0f{text-align:center;}<\/style>\t\t<div data-elementor-type=\"wp-page\" data-elementor-id=\"756\" class=\"elementor elementor-756\" data-elementor-post-type=\"page\">\n\t\t\t\t<div class=\"elementor-element elementor-element-5d1b5222 e-flex e-con-boxed e-con e-parent\" data-id=\"5d1b5222\" data-element_type=\"container\" data-e-type=\"container\">\n\t\t\t\t\t<div class=\"e-con-inner\">\n\t\t<div class=\"elementor-element elementor-element-2f3e57a e-con-full e-flex e-con e-child\" data-id=\"2f3e57a\" data-element_type=\"container\" data-e-type=\"container\">\n\t\t\t\t<div class=\"elementor-element elementor-element-8007f46 elementor-widget elementor-widget-heading\" data-id=\"8007f46\" data-element_type=\"widget\" data-e-type=\"widget\" data-widget_type=\"heading.default\">\n\t\t\t\t\t<h2 class=\"elementor-heading-title elementor-size-default\"><div class=\"box headline mb-5\" id=\"c1765\" style=\"margin-bottom: 43px;position: relative;, Arial, sans-serif;font-size: 19px;font-weight: 400;text-transform: none\"><h1 class=\"h1\" style=\"font-size: 52px;margin: 0px 0px 58px;, Arial, sans-serif;font-weight: 700;line-height: 1.2\">Informationen \u00fcber Transparency Deutschland entsprechend der Selbstverpflichtung der Initiative Transparente Zivilgesellschaft<span style=\"font-family: Raleway, sans-serif;font-size: 40px\"><\/span><\/h1><\/div><\/h2>\t\t\t\t<\/div>\n\t\t\t\t<div class=\"elementor-element elementor-element-f099465 elementor-widget-divider--view-line elementor-widget elementor-widget-divider\" data-id=\"f099465\" data-element_type=\"widget\" data-e-type=\"widget\" data-widget_type=\"divider.default\">\n\t\t\t\t\t\t\t<div class=\"elementor-divider\">\n\t\t\t<span class=\"elementor-divider-separator\">\n\t\t\t\t\t\t<\/span>\n\t\t<\/div>\n\t\t\t\t\t\t<\/div>\n\t\t\t\t<\/div>\n\t\t\t\t\t<\/div>\n\t\t\t\t<\/div>\n\t\t<div class=\"elementor-element elementor-element-90623a2 e-flex e-con-boxed e-con e-parent\" data-id=\"90623a2\" data-element_type=\"container\" data-e-type=\"container\">\n\t\t\t\t\t<div class=\"e-con-inner\">\n\t\t\t\t<div class=\"elementor-element elementor-element-4760cd1 elementor-widget elementor-widget-image\" data-id=\"4760cd1\" data-element_type=\"widget\" data-e-type=\"widget\" data-widget_type=\"image.default\">\n\t\t\t\t\t\t\t\t\t\t\t\t\t\t\t<img fetchpriority=\"high\" decoding=\"async\" width=\"300\" height=\"300\" src=\"https:\/\/impactcirclegermany.eu\/wp-content\/uploads\/2025\/08\/Untitled-design-100-300x300.png\" class=\"attachment-medium size-medium wp-image-43\" alt=\"\" srcset=\"https:\/\/impactcirclegermany.eu\/wp-content\/uploads\/2025\/08\/Untitled-design-100-300x300.png 300w, https:\/\/impactcirclegermany.eu\/wp-content\/uploads\/2025\/08\/Untitled-design-100-150x150.png 150w, https:\/\/impactcirclegermany.eu\/wp-content\/uploads\/2025\/08\/Untitled-design-100.png 500w\" sizes=\"(max-width: 300px) 100vw, 300px\" \/>\t\t\t\t\t\t\t\t\t\t\t\t\t\t\t<\/div>\n\t\t\t\t<div class=\"elementor-element elementor-element-21934c2 elementor-widget-divider--view-line elementor-widget elementor-widget-divider\" data-id=\"21934c2\" data-element_type=\"widget\" data-e-type=\"widget\" data-widget_type=\"divider.default\">\n\t\t\t\t\t\t\t<div class=\"elementor-divider\">\n\t\t\t<span class=\"elementor-divider-separator\">\n\t\t\t\t\t\t<\/span>\n\t\t<\/div>\n\t\t\t\t\t\t<\/div>\n\t\t\t\t\t<\/div>\n\t\t\t\t<\/div>\n\t\t<div class=\"elementor-element elementor-element-70819e2 e-flex e-con-boxed e-con e-parent\" data-id=\"70819e2\" data-element_type=\"container\" data-e-type=\"container\">\n\t\t\t\t\t<div class=\"e-con-inner\">\n\t\t\t\t<div class=\"elementor-element elementor-element-66d691d elementor-widget elementor-widget-text-editor\" data-id=\"66d691d\" data-element_type=\"widget\" data-e-type=\"widget\" data-widget_type=\"text-editor.default\">\n\t\t\t\t\t\t\t\t\t<h2 data-start=\"2943\" data-end=\"2994\"><strong data-start=\"2946\" data-end=\"2992\">1. Name, Sitz, Anschrift und Gr\u00fcndungsjahr<\/strong><\/h2>\n<ul data-start=\"2995\" data-end=\"3216\">\n<li data-start=\"2995\" data-end=\"3035\">\n<p data-start=\"2997\" data-end=\"3035\"><strong data-start=\"2997\" data-end=\"3006\">Name:<\/strong> Wirkungskreis Deutschland e.V.<\/p>\n<\/li>\n<li data-start=\"3036\" data-end=\"3069\">\n<p data-start=\"3038\" data-end=\"3069\"><strong data-start=\"3038\" data-end=\"3047\">Sitz:<\/strong> Berlin, Deutschland<\/p>\n<\/li>\n<li data-start=\"3070\" data-end=\"3107\">\n<p data-start=\"3072\" data-end=\"3107\"><strong data-start=\"3072\" data-end=\"3086\">Anschrift:<\/strong> Trabener Stra\u00dfe 73a, 14193, Berlin<\/p>\n<\/li>\n<li data-start=\"3108\" data-end=\"3135\">\n<p data-start=\"3110\" data-end=\"3135\"><strong data-start=\"3110\" data-end=\"3128\">Gr\u00fcndungsjahr:<\/strong> 2023<\/p>\n<\/li>\n<li data-start=\"3136\" data-end=\"3216\">\n<p data-start=\"3138\" data-end=\"3216\"><strong data-start=\"3138\" data-end=\"3158\">Registereintrag:<\/strong> Amtsgericht Berlin-Charlottenburg, (VR 40521 B)<\/p>\n<\/li>\n<\/ul>\n<p data-start=\"439\" data-end=\"484\">\ud83d\udc49 <a class=\"decorated-link cursor-pointer\" href=\"https:\/\/impactcirclegermany.eu\/de\/contact-us\/\" target=\"_blank\" rel=\"noopener\" data-start=\"442\" data-end=\"482\">Zu unserer Kontaktseite\u00a0<\/a><\/p>\n<hr data-start=\"3218\" data-end=\"3221\" \/>\n<h2 data-start=\"3223\" data-end=\"3252\"><strong data-start=\"3226\" data-end=\"3250\">2. Satzung und Ziele<\/strong><\/h2>\n<ul data-start=\"3253\" data-end=\"3539\">\n<li data-start=\"3253\" data-end=\"3320\">\n<p data-start=\"3255\" data-end=\"3320\">Unsere vollst\u00e4ndige <strong data-start=\"3275\" data-end=\"3286\">Satzung<\/strong> finden Sie hier\u00a0<a href=\"https:\/\/impactcirclegermany.eu\/de\/policy-documents\/\" target=\"_blank\" rel=\"noopener\">Politische Dokumente<\/a><\/p>\n<\/li>\n<li data-start=\"3321\" data-end=\"3539\">\n<p data-start=\"3323\" data-end=\"3539\"><strong data-start=\"3323\" data-end=\"3333\">Ziele: <\/strong>Gem\u00e4\u00df \u00a7 3 unserer Satzung verfolgt Impact Circle Germany e.V. ausschlie\u00dflich und unmittelbar gemeinn\u00fctzige Zwecke im Sinne der Abgabenordnung (AO).<\/p>\n<\/li>\n<\/ul>\n<div>\n<p data-start=\"332\" data-end=\"373\">Die Vereinsziele umfassen insbesondere:<\/p>\n<ul data-start=\"374\" data-end=\"613\">\n<li data-start=\"374\" data-end=\"488\">\n<p data-start=\"376\" data-end=\"488\">Unterst\u00fctzung von Fl\u00fcchtlingen, Vertriebenen und Opfern politischer, rassistischer oder religi\u00f6ser Verfolgung,<\/p>\n<\/li>\n<li data-start=\"489\" data-end=\"549\">\n<p data-start=\"491\" data-end=\"549\">F\u00f6rderung der Entwicklungszusammenarbeit in Afrika sowie<\/p>\n<\/li>\n<li data-start=\"550\" data-end=\"613\">\n<p data-start=\"552\" data-end=\"613\">F\u00f6rderung von Bildung, Berufsausbildung und Studentenhilfe.<\/p>\n<\/li>\n<\/ul>\n<p data-start=\"615\" data-end=\"824\">Diese Zwecke werden durch Bildungs- und Integrationsangebote, die St\u00e4rkung von gefl\u00fcchteten Frauen, Beratungsdienste sowie durch Projekte der Entwicklungszusammenarbeit in ODA-beg\u00fcnstigten L\u00e4ndern umgesetzt.<\/p>\n<p data-start=\"417\" data-end=\"476\">\ud83d\udc49 <a class=\"decorated-link cursor-pointer\" href=\"https:\/\/impactcirclegermany.eu\/de\/initiatives\/\" target=\"_blank\" rel=\"noopener\" data-start=\"420\" data-end=\"474\">Mehr zu unseren Programmen und Zielen\u00a0<\/a><\/p>\n<\/div>\n<h2 data-start=\"3546\" data-end=\"3588\"><strong data-start=\"3549\" data-end=\"3586\">3. Angaben zur Steuerbeg\u00fcnstigung<\/strong><\/h2>\n<p data-start=\"3589\" data-end=\"3742\">Impact Circle Germany e.V. ist durch das Finanzamt Berlin gem\u00e4\u00df \u00a7\u00a7 51 ff. AO <strong data-start=\"3666\" data-end=\"3696\">als gemeinn\u00fctzig anerkannt<\/strong>. Spenden an ICGE sind steuerlich absetzbar.<\/p>\n<hr data-start=\"3744\" data-end=\"3747\" \/>\n<h2 data-start=\"3749\" data-end=\"3792\"><strong data-start=\"3752\" data-end=\"3790\">4. Wesentliche Entscheidungstr\u00e4ger<\/strong><\/h2>\n<p data-start=\"3795\" data-end=\"3810\"><strong data-start=\"3795\" data-end=\"3808\">Vorstand:<\/strong><\/p>\n<ul>\n<li data-start=\"3816\" data-end=\"3850\">Albert Same Ekang - Vorsitzender<\/li>\n<li data-start=\"3856\" data-end=\"3896\">Bekumba, Moleka Emmanuel - Stellvertretender Vorsitzender:<\/li>\n<li data-start=\"3856\" data-end=\"3896\">Paschaline Somah, Jingtum -Finanzsekret\u00e4rin<\/li>\n<li data-start=\"3856\" data-end=\"3896\">Karanja, Jackline Muthoni - Sekret\u00e4rin<\/li>\n<\/ul>\n<hr data-start=\"3898\" data-end=\"3901\" \/>\n<h2 data-start=\"3903\" data-end=\"3932\"><strong data-start=\"3906\" data-end=\"3930\">5. T\u00e4tigkeitsbericht<\/strong><\/h2>\n<p data-start=\"3933\" data-end=\"3955\">Unsere Schwerpunkte:<\/p>\n<ul data-start=\"3956\" data-end=\"4095\">\n<li data-start=\"3956\" data-end=\"4019\">\n<p data-start=\"3958\" data-end=\"4019\">St\u00e4rkung von Frauen und Jugendlichen in l\u00e4ndlichen Regionen<\/p>\n<\/li>\n<li data-start=\"4020\" data-end=\"4053\">\n<p data-start=\"4022\" data-end=\"4053\">Umweltbildung und Klimaschutz<\/p>\n<\/li>\n<li data-start=\"4054\" data-end=\"4095\">\n<p data-start=\"4056\" data-end=\"4095\">Fl\u00fcchtlings- und Diaspora-Initiativen<\/p>\n<\/li>\n<\/ul>\n<p data-start=\"4097\" data-end=\"4137\">[Link zum T\u00e4tigkeits- \/ Jahresbericht]<a href=\"https:\/\/impactcirclegermany.eu\/de\/annual-reports\/\" target=\"_blank\" rel=\"noopener\">Jahresberichte<\/a><\/p>\n<hr data-start=\"4139\" data-end=\"4142\" \/>\n<h2 data-start=\"4144\" data-end=\"4172\"><strong data-start=\"4147\" data-end=\"4170\">6. Personalstruktur<\/strong><\/h2>\n<ul>\n<li data-start=\"145\" data-end=\"200\">\n<p data-start=\"147\" data-end=\"200\"><strong data-start=\"147\" data-end=\"160\">Vorstand:<\/strong> ehrenamtlich und unentgeltlich t\u00e4tig.<\/p>\n<\/li>\n<li data-start=\"201\" data-end=\"393\">\n<p data-start=\"203\" data-end=\"393\"><strong data-start=\"203\" data-end=\"225\">Mitarbeiter:innen:<\/strong> Derzeit keine Angestellten. Die Vereinsgesch\u00e4fte werden vom Vorsitzenden auf freiwilliger Basis gef\u00fchrt. Eine zuk\u00fcnftige Festanstellung des Vorsitzenden ist geplant.<\/p>\n<\/li>\n<li data-start=\"394\" data-end=\"601\">\n<p data-start=\"396\" data-end=\"601\"><strong data-start=\"396\" data-end=\"412\">Freiwillige:<\/strong> Alle 7 Gr\u00fcndungsmitglieder unterst\u00fctzen den Verein ehrenamtlich bei Bedarf. Zus\u00e4tzlich engagieren sich Freiwillige aus Indien und Uganda im Bereich Webdesign und Social-Media-Management.<\/p>\n<\/li>\n<\/ul>\n<p data-start=\"313\" data-end=\"380\">Hier finden Sie unsere Jahresberichte:<\/p>\n<ul data-start=\"381\" data-end=\"480\">\n<li data-start=\"381\" data-end=\"430\">\n<p data-start=\"383\" data-end=\"430\"><a class=\"decorated-link cursor-pointer\" href=\"https:\/\/impactcirclegermany.eu\/de\/annual-reports\/\" target=\"_blank\" rel=\"noopener\" data-start=\"383\" data-end=\"428\">T\u00e4tigkeitsbericht 2023 (PDF)<\/a><\/p>\n<\/li>\n<li data-start=\"431\" data-end=\"480\">\n<p data-start=\"433\" data-end=\"480\"><a class=\"decorated-link cursor-pointer\" href=\"https:\/\/impactcirclegermany.eu\/de\/annual-reports\/\" target=\"_blank\" rel=\"noopener\" data-start=\"433\" data-end=\"478\">T\u00e4tigkeitsbericht 2024 (PDF)<\/a><\/p>\n<\/li>\n<\/ul>\n<hr data-start=\"4358\" data-end=\"4361\" \/>\n<h2 data-start=\"4363\" data-end=\"4394\"><strong data-start=\"4366\" data-end=\"4392\">7. Herkunft der Mittel<\/strong><\/h2>\n<p data-start=\"4395\" data-end=\"4431\">Unsere Finanzierung erfolgt durch:<\/p>\n<ul data-start=\"4432\" data-end=\"4559\">\n<li data-start=\"4432\" data-end=\"4453\">\n<p data-start=\"4434\" data-end=\"4453\">Mitgliedsbeitr\u00e4ge<\/p>\n<\/li>\n<li data-start=\"4454\" data-end=\"4502\">\n<p data-start=\"4456\" data-end=\"4502\">Spenden von Privatpersonen und Institutionen<\/p>\n<\/li>\n<li data-start=\"4503\" data-end=\"4559\">\n<p data-start=\"4505\" data-end=\"4559\">F\u00f6rdermittel von Stiftungen und \u00f6ffentlichen Stellen<\/p>\n<\/li>\n<\/ul>\n<p data-start=\"4561\" data-end=\"4608\">Link zum Jahresabschluss <a href=\"https:\/\/impactcirclegermany.eu\/de\/annual-reports\/\" target=\"_blank\" rel=\"noopener\">Jahresberichte<\/a><\/p>\n<hr data-start=\"4610\" data-end=\"4613\" \/>\n<h2 data-start=\"4615\" data-end=\"4648\"><strong data-start=\"4618\" data-end=\"4646\">8. Verwendung der Mittel<\/strong><\/h2>\n<p data-start=\"4649\" data-end=\"4687\">Unsere Mittel werden eingesetzt f\u00fcr:<\/p>\n<ul data-start=\"4688\" data-end=\"4833\">\n<li data-start=\"4688\" data-end=\"4735\">\n<p data-start=\"4690\" data-end=\"4735\">Projektumsetzung in Deutschland und Kamerun<\/p>\n<\/li>\n<li data-start=\"4736\" data-end=\"4778\">\n<p data-start=\"4738\" data-end=\"4778\">Sensibilisierungs- und Advocacy-Arbeit<\/p>\n<\/li>\n<li data-start=\"4779\" data-end=\"4833\">\n<p data-start=\"4781\" data-end=\"4833\">Verwaltungsausgaben (unter 10 % des Gesamthaushaltsplans)<\/p>\n<\/li>\n<\/ul>\n<p data-start=\"4835\" data-end=\"4879\">Link zum Jahresabschluss \/ Finanzbericht\u00a0<a href=\"https:\/\/impactcirclegermany.eu\/de\/annual-reports\/\" target=\"_blank\" rel=\"noopener\">Jahresberichte<\/a><\/p>\n<hr data-start=\"4881\" data-end=\"4884\" \/>\n<h2 data-start=\"4886\" data-end=\"4947\"><strong data-start=\"4889\" data-end=\"4945\">9. Gesellschaftsrechtliche Verbundenheit mit Dritten<\/strong><\/h2>\n<p data-start=\"4948\" data-end=\"5171\">ICGE ist <strong data-start=\"4957\" data-end=\"4990\">unabh\u00e4ngig und \u00fcberparteilich<\/strong>. Wir unterhalten keine gesellschaftsrechtlichen Verflechtungen mit Unternehmen. Kooperationen mit externen Partnern erfolgen auf Grundlage von Transparenz und Verantwortlichkeit.<\/p>\n<hr data-start=\"5173\" data-end=\"5176\" \/>\n<h2 data-start=\"5178\" data-end=\"5284\"><strong data-start=\"5181\" data-end=\"5282\">10. Namen von Personen, deren j\u00e4hrliche Zahlungen mehr als 10 % des Gesamtjahresbudgets ausmachen<\/strong><\/h2>\n<p data-start=\"5285\" data-end=\"5442\">Derzeit tr\u00e4gt <strong data-start=\"5299\" data-end=\"5339\">kein einzelner Spender mehr als 10 %<\/strong> unseres Jahresbudgets bei.<br data-start=\"5366\" data-end=\"5369\" \/><em data-start=\"5369\" data-end=\"5440\">(Sollte sich dies \u00e4ndern, werden Namen und Betr\u00e4ge hier offengelegt.)<\/em><\/p>\t\t\t\t\t\t\t\t<\/div>\n\t\t\t\t\t<\/div>\n\t\t\t\t<\/div>\n\t\t<div class=\"elementor-element elementor-element-faf39b3 e-flex e-con-boxed e-con e-parent\" data-id=\"faf39b3\" data-element_type=\"container\" data-e-type=\"container\">\n\t\t\t\t\t<div class=\"e-con-inner\">\n\t\t<div class=\"elementor-element elementor-element-8b9221e e-con-full e-flex e-con e-child\" data-id=\"8b9221e\" data-element_type=\"container\" data-e-type=\"container\">\n\t\t\t\t<div class=\"elementor-element elementor-element-18e1709 elementor-widget-divider--view-line elementor-widget elementor-widget-divider\" data-id=\"18e1709\" data-element_type=\"widget\" data-e-type=\"widget\" data-widget_type=\"divider.default\">\n\t\t\t\t\t\t\t<div class=\"elementor-divider\">\n\t\t\t<span class=\"elementor-divider-separator\">\n\t\t\t\t\t\t<\/span>\n\t\t<\/div>\n\t\t\t\t\t\t<\/div>\n\t\t\t\t<div class=\"elementor-element elementor-element-a71a7df elementor-widget elementor-widget-text-editor\" data-id=\"a71a7df\" data-element_type=\"widget\" data-e-type=\"widget\" data-widget_type=\"text-editor.default\">\n\t\t\t\t\t\t\t\t\t<h2 class=\"h3\">M\u00f6chten Sie mehr \u00fcber die Initiative Transparente Zivilgesellschaft erfahren?<\/h2>\n<div>&nbsp;Klicken Sie hier f\u00fcr mehr Informationen \u00fcber die Tr\u00e4ger und Unterzeichner der Initiative und wie Sie selbst mitmachen k\u00f6nnen.<\/div>\n<p><\/p>\n<p><\/p>\t\t\t\t\t\t\t\t<\/div>\n\t\t\t\t<div class=\"elementor-element elementor-element-13bfa36 elementor-widget elementor-widget-button\" data-id=\"13bfa36\" data-element_type=\"widget\" data-e-type=\"widget\" data-widget_type=\"button.default\">\n\t\t\t\t\t\t\t\t\t\t<a class=\"elementor-button elementor-button-link elementor-size-sm\" href=\"https:\/\/www.transparente-zivilgesellschaft.de\/\" target=\"_blank\">\n\t\t\t\t\t\t<span class=\"elementor-button-content-wrapper\">\n\t\t\t\t\t\t\t\t\t<span class=\"elementor-button-text\">Klicken Sie hier<\/span>\n\t\t\t\t\t<\/span>\n\t\t\t\t\t<\/a>\n\t\t\t\t\t\t\t\t<\/div>\n\t\t\t\t<\/div>\n\t\t\t\t\t<\/div>\n\t\t\t\t<\/div>\n\t\t\t\t<\/div>","protected":false},"excerpt":{"rendered":"<p>Informationen \u00fcber Transparency Deutschland entsprechend der Selbstverpflichtung der Initiative Transparente Zivilgesellschaft 1. Name, Sitz, Anschrift und Gr\u00fcndungsjahr Name: Impact Circle Germany e.V. Sitz: Berlin, Deutschland Anschrift: Trabener Stra\u00dfe 73a, 14193, Berlin Gr\u00fcndungsjahr: 2023 Registereintrag: Amtsgericht Berlin-Charlottenburg, (VR 40521 B) \ud83d\udc49 Zu unserer Kontaktseite\u00a0 2. Satzung und Ziele Unsere vollst\u00e4ndige Satzung finden Sie hier\u00a0Policy Documents Ziele: [&hellip;]<\/p>","protected":false},"author":2,"featured_media":0,"parent":0,"menu_order":0,"comment_status":"closed","ping_status":"closed","template":"","meta":{"footnotes":""},"class_list":["post-756","page","type-page","status-publish","hentry"],"_links":{"self":[{"href":"https:\/\/impactcirclegermany.eu\/de\/wp-json\/wp\/v2\/pages\/756","targetHints":{"allow":["GET"]}}],"collection":[{"href":"https:\/\/impactcirclegermany.eu\/de\/wp-json\/wp\/v2\/pages"}],"about":[{"href":"https:\/\/impactcirclegermany.eu\/de\/wp-json\/wp\/v2\/types\/page"}],"author":[{"embeddable":true,"href":"https:\/\/impactcirclegermany.eu\/de\/wp-json\/wp\/v2\/users\/2"}],"replies":[{"embeddable":true,"href":"https:\/\/impactcirclegermany.eu\/de\/wp-json\/wp\/v2\/comments?post=756"}],"version-history":[{"count":23,"href":"https:\/\/impactcirclegermany.eu\/de\/wp-json\/wp\/v2\/pages\/756\/revisions"}],"predecessor-version":[{"id":789,"href":"https:\/\/impactcirclegermany.eu\/de\/wp-json\/wp\/v2\/pages\/756\/revisions\/789"}],"wp:attachment":[{"href":"https:\/\/impactcirclegermany.eu\/de\/wp-json\/wp\/v2\/media?parent=756"}],"curies":[{"name":"wp","href":"https:\/\/api.w.org\/{rel}","templated":true}]}}