{"id":863,"date":"2025-10-01T18:33:00","date_gmt":"2025-10-01T18:33:00","guid":{"rendered":"https:\/\/impactcirclegermany.eu\/?page_id=863"},"modified":"2025-11-29T00:26:10","modified_gmt":"2025-11-29T00:26:10","slug":"donate-it-equipment","status":"publish","type":"page","link":"https:\/\/impactcirclegermany.eu\/de\/donate-it-equipment\/","title":{"rendered":"IT-Ausr\u00fcstung spenden"},"content":{"rendered":"<style>.elementor-863 .elementor-element.elementor-element-af8fed1{--display:flex;}.elementor-863 .elementor-element.elementor-element-286d437{--display:flex;--flex-direction:row;--container-widget-width:initial;--container-widget-height:100%;--container-widget-flex-grow:1;--container-widget-align-self:stretch;--flex-wrap-mobile:wrap;--gap:0px 0px;--row-gap:0px;--column-gap:0px;--flex-wrap:wrap;}.elementor-863 .elementor-element.elementor-element-d6622df{--display:flex;--flex-direction:column;--container-widget-width:100%;--container-widget-height:initial;--container-widget-flex-grow:0;--container-widget-align-self:initial;--flex-wrap-mobile:wrap;}.elementor-863 .elementor-element.elementor-element-aee208a{--display:flex;--flex-direction:column;--container-widget-width:100%;--container-widget-height:initial;--container-widget-flex-grow:0;--container-widget-align-self:initial;--flex-wrap-mobile:wrap;}.elementor-863 .elementor-element.elementor-element-8e0a15e{--display:flex;--flex-direction:column;--container-widget-width:100%;--container-widget-height:initial;--container-widget-flex-grow:0;--container-widget-align-self:initial;--flex-wrap-mobile:wrap;}@media(min-width:768px){.elementor-863 .elementor-element.elementor-element-d6622df{--width:50%;}.elementor-863 .elementor-element.elementor-element-aee208a{--width:50%;}.elementor-863 .elementor-element.elementor-element-8e0a15e{--width:100%;}}<\/style>\t\t<div data-elementor-type=\"wp-page\" data-elementor-id=\"863\" class=\"elementor elementor-863\" data-elementor-post-type=\"page\">\n\t\t\t\t<div class=\"elementor-element elementor-element-af8fed1 e-flex e-con-boxed e-con e-parent\" data-id=\"af8fed1\" data-element_type=\"container\" data-e-type=\"container\">\n\t\t\t\t\t<div class=\"e-con-inner\">\n\t\t\t\t<div class=\"elementor-element elementor-element-d1977a1 elementor-widget elementor-widget-text-editor\" data-id=\"d1977a1\" data-element_type=\"widget\" data-e-type=\"widget\" data-widget_type=\"text-editor.default\">\n\t\t\t\t\t\t\t\t\t<p data-start=\"257\" data-end=\"320\">Verwandeln Sie Ihre alten Ger\u00e4te in lebenslange M\u00f6glichkeiten<\/p><p data-start=\"322\" data-end=\"578\">Impact Circle Germany e.V. startet eine <strong data-start=\"376\" data-end=\"406\">\"Spenden Sie Ihre IT-Ausr\u00fcstung\"<\/strong> Kampagne, um Computer, Laptops, Tablets, Projektoren, Beamer, Soundsysteme, USB-Laufwerke und Zubeh\u00f6r hier in Deutschland zu sammeln - und an Projekte in Kamerun zu schicken.<\/p><p data-start=\"580\" data-end=\"616\">Ihre gespendeten Ger\u00e4te werden unterst\u00fctzt:<\/p><ul data-start=\"617\" data-end=\"760\"><li data-start=\"617\" data-end=\"667\"><p data-start=\"619\" data-end=\"667\"><strong data-start=\"619\" data-end=\"643\">P\u00e4dagogische Projekte<\/strong> f\u00fcr Jugendliche und Schulen<\/p><\/li><li data-start=\"668\" data-end=\"718\"><p data-start=\"670\" data-end=\"718\"><strong data-start=\"670\" data-end=\"701\">Berufliche Bildungszentren<\/strong> f\u00fcr IKT-Kenntnisse<\/p><\/li><li data-start=\"719\" data-end=\"760\"><p data-start=\"721\" data-end=\"760\"><strong data-start=\"721\" data-end=\"758\">Initiativen zur Entwicklung der Gemeinschaft<\/strong><\/p><\/li><\/ul><p data-start=\"762\" data-end=\"783\"><strong data-start=\"762\" data-end=\"781\">Was wir akzeptieren:<\/strong><\/p><ul data-start=\"784\" data-end=\"986\"><li data-start=\"784\" data-end=\"831\"><p data-start=\"786\" data-end=\"831\">Computer und Laptops (funktionst\u00fcchtig oder reparaturf\u00e4hig)<\/p><\/li><li data-start=\"832\" data-end=\"843\"><p data-start=\"834\" data-end=\"843\">Tabletten<\/p><\/li><li data-start=\"844\" data-end=\"856\"><p data-start=\"846\" data-end=\"856\">Monitore<\/p><\/li><li data-start=\"857\" data-end=\"877\"><p data-start=\"859\" data-end=\"877\">Tastaturen und M\u00e4use<\/p><\/li><li data-start=\"878\" data-end=\"903\"><p data-start=\"880\" data-end=\"903\">Router und Zubeh\u00f6r<\/p><\/li><li data-start=\"904\" data-end=\"928\"><p data-start=\"906\" data-end=\"928\">Projektoren und Beamer<\/p><\/li><li data-start=\"929\" data-end=\"946\"><p data-start=\"931\" data-end=\"946\">Tonanlagen<\/p><\/li><li data-start=\"947\" data-end=\"961\"><p data-start=\"949\" data-end=\"961\">USB-Laufwerke<\/p><\/li><li data-start=\"962\" data-end=\"986\"><p data-start=\"964\" data-end=\"986\">Sonstiges IT-Zubeh\u00f6r<\/p><\/li><\/ul><p data-start=\"988\" data-end=\"1008\"><strong data-start=\"988\" data-end=\"1006\">Wie man spendet:<\/strong><\/p><ol data-start=\"1009\" data-end=\"1162\"><li data-start=\"1009\" data-end=\"1048\"><p data-start=\"1012\" data-end=\"1048\">Kontaktieren Sie uns unter info@impactcirclegermany.eu\u00a0<\/p><\/li><li data-start=\"1049\" data-end=\"1083\"><p data-start=\"1052\" data-end=\"1083\">Vereinbaren Sie eine \u00dcbergabe oder Abholung<\/p><\/li><li data-start=\"1084\" data-end=\"1162\"><p data-start=\"1087\" data-end=\"1162\">Ihr Ger\u00e4t wird \u00fcberholt oder direkt f\u00fcr Projekte in Kamerun eingesetzt<\/p><\/li><\/ol><p data-start=\"1164\" data-end=\"1353\"><strong data-start=\"1164\" data-end=\"1183\">Warum das wichtig ist:<\/strong><br data-start=\"1183\" data-end=\"1186\" \/>Der Zugang zu Technologie ver\u00e4ndert das Leben. Jedes Ger\u00e4t, das Sie spenden, tr\u00e4gt dazu bei, die digitale Kluft zu \u00fcberbr\u00fccken und schafft Bildungs- und Besch\u00e4ftigungsm\u00f6glichkeiten f\u00fcr unterversorgte Gemeinden.<\/p><p data-start=\"1355\" data-end=\"1410\"><img decoding=\"async\" class=\"emoji\" role=\"img\" draggable=\"false\" src=\"https:\/\/s.w.org\/images\/core\/emoji\/16.0.1\/svg\/1f4e9.svg\" alt=\"\ud83d\udce9\" \/> <strong data-start=\"1358\" data-end=\"1408\">Helfen Sie uns, etwas zu bewegen - spenden Sie noch heute!\u00a0<\/strong><\/p><p data-start=\"1355\" data-end=\"1410\"><strong data-start=\"1358\" data-end=\"1408\">\u00a0<\/strong><\/p>\t\t\t\t\t\t\t\t<\/div>\n\t\t\t\t<div class=\"elementor-element elementor-element-f302357 elementor-widget elementor-widget-image\" data-id=\"f302357\" data-element_type=\"widget\" data-e-type=\"widget\" data-widget_type=\"image.default\">\n\t\t\t\t\t\t\t\t\t\t\t\t\t\t\t<img fetchpriority=\"high\" decoding=\"async\" width=\"800\" height=\"534\" src=\"https:\/\/impactcirclegermany.eu\/wp-content\/uploads\/2025\/10\/TECH-4-CHANGE-1024x683.webp\" class=\"attachment-large size-large wp-image-865\" alt=\"TECH 4 CHANGE\" srcset=\"https:\/\/impactcirclegermany.eu\/wp-content\/uploads\/2025\/10\/TECH-4-CHANGE-1024x683.webp 1024w, https:\/\/impactcirclegermany.eu\/wp-content\/uploads\/2025\/10\/TECH-4-CHANGE-300x200.webp 300w, https:\/\/impactcirclegermany.eu\/wp-content\/uploads\/2025\/10\/TECH-4-CHANGE-768x512.webp 768w, https:\/\/impactcirclegermany.eu\/wp-content\/uploads\/2025\/10\/TECH-4-CHANGE-18x12.webp 18w, https:\/\/impactcirclegermany.eu\/wp-content\/uploads\/2025\/10\/TECH-4-CHANGE.webp 1536w\" sizes=\"(max-width: 800px) 100vw, 800px\" \/>\t\t\t\t\t\t\t\t\t\t\t\t\t\t\t<\/div>\n\t\t\t\t\t<\/div>\n\t\t\t\t<\/div>\n\t\t<div class=\"elementor-element elementor-element-286d437 e-flex e-con-boxed e-con e-parent\" data-id=\"286d437\" data-element_type=\"container\" data-e-type=\"container\">\n\t\t\t\t\t<div class=\"e-con-inner\">\n\t\t<div class=\"elementor-element elementor-element-d6622df e-con-full e-flex e-con e-child\" data-id=\"d6622df\" data-element_type=\"container\" data-e-type=\"container\">\n\t\t\t\t<div class=\"elementor-element elementor-element-44521d0 elementor-widget elementor-widget-image\" data-id=\"44521d0\" data-element_type=\"widget\" data-e-type=\"widget\" data-widget_type=\"image.default\">\n\t\t\t\t\t\t\t\t\t\t\t\t\t\t\t<img decoding=\"async\" width=\"800\" height=\"800\" src=\"https:\/\/impactcirclegermany.eu\/wp-content\/uploads\/2025\/11\/XMG-Laptop-1024x1024.jpeg\" class=\"attachment-large size-large wp-image-961\" alt=\"\" srcset=\"https:\/\/impactcirclegermany.eu\/wp-content\/uploads\/2025\/11\/XMG-Laptop-1024x1024.jpeg 1024w, https:\/\/impactcirclegermany.eu\/wp-content\/uploads\/2025\/11\/XMG-Laptop-300x300.jpeg 300w, https:\/\/impactcirclegermany.eu\/wp-content\/uploads\/2025\/11\/XMG-Laptop-150x150.jpeg 150w, https:\/\/impactcirclegermany.eu\/wp-content\/uploads\/2025\/11\/XMG-Laptop-768x768.jpeg 768w, https:\/\/impactcirclegermany.eu\/wp-content\/uploads\/2025\/11\/XMG-Laptop-1536x1536.jpeg 1536w, https:\/\/impactcirclegermany.eu\/wp-content\/uploads\/2025\/11\/XMG-Laptop-12x12.jpeg 12w, https:\/\/impactcirclegermany.eu\/wp-content\/uploads\/2025\/11\/XMG-Laptop.jpeg 1728w\" sizes=\"(max-width: 800px) 100vw, 800px\" \/>\t\t\t\t\t\t\t\t\t\t\t\t\t\t\t<\/div>\n\t\t\t\t<\/div>\n\t\t<div class=\"elementor-element elementor-element-aee208a e-con-full e-flex e-con e-child\" data-id=\"aee208a\" data-element_type=\"container\" data-e-type=\"container\">\n\t\t\t\t<div class=\"elementor-element elementor-element-46b8860 elementor-widget elementor-widget-image\" data-id=\"46b8860\" data-element_type=\"widget\" data-e-type=\"widget\" data-widget_type=\"image.default\">\n\t\t\t\t\t\t\t\t\t\t\t\t\t\t\t<img decoding=\"async\" width=\"800\" height=\"800\" src=\"https:\/\/impactcirclegermany.eu\/wp-content\/uploads\/2025\/11\/Lenovo-Laptop-1024x1024.jpeg\" class=\"attachment-large size-large wp-image-960\" alt=\"\" srcset=\"https:\/\/impactcirclegermany.eu\/wp-content\/uploads\/2025\/11\/Lenovo-Laptop-1024x1024.jpeg 1024w, https:\/\/impactcirclegermany.eu\/wp-content\/uploads\/2025\/11\/Lenovo-Laptop-300x300.jpeg 300w, https:\/\/impactcirclegermany.eu\/wp-content\/uploads\/2025\/11\/Lenovo-Laptop-150x150.jpeg 150w, https:\/\/impactcirclegermany.eu\/wp-content\/uploads\/2025\/11\/Lenovo-Laptop-768x768.jpeg 768w, https:\/\/impactcirclegermany.eu\/wp-content\/uploads\/2025\/11\/Lenovo-Laptop-1536x1536.jpeg 1536w, https:\/\/impactcirclegermany.eu\/wp-content\/uploads\/2025\/11\/Lenovo-Laptop-12x12.jpeg 12w, https:\/\/impactcirclegermany.eu\/wp-content\/uploads\/2025\/11\/Lenovo-Laptop.jpeg 1728w\" sizes=\"(max-width: 800px) 100vw, 800px\" \/>\t\t\t\t\t\t\t\t\t\t\t\t\t\t\t<\/div>\n\t\t\t\t<\/div>\n\t\t<div class=\"elementor-element elementor-element-8e0a15e e-con-full e-flex e-con e-child\" data-id=\"8e0a15e\" data-element_type=\"container\" data-e-type=\"container\">\n\t\t\t\t<div class=\"elementor-element elementor-element-f8f5cd2 elementor-widget elementor-widget-text-editor\" data-id=\"f8f5cd2\" data-element_type=\"widget\" data-e-type=\"widget\" data-widget_type=\"text-editor.default\">\n\t\t\t\t\t\t\t\t\t<p>Wir freuen uns, Ihnen ein bedeutsames Update zu unserer laufenden \"Tech for Change\"-Initiative mitteilen zu k\u00f6nnen. Diese Woche erhielt Impact Circle Germany e.V. eine gro\u00dfz\u00fcgige Spende von zwei Laptops von einem Unterst\u00fctzer in Deutschland.<\/p><p>Diese Ger\u00e4te werden vollst\u00e4ndig vorbereitet, aktualisiert und mit wichtiger Bildungs- und IKT-Schulungssoftware ausgestattet, bevor sie nach Kamerun transportiert werden. Vor Ort werden sie das digitale Lernen, die Schulung von Gemeinschaften und den Aufbau von Kapazit\u00e4ten in unseren Partnergemeinden unterst\u00fctzen.<\/p><p>Wir glauben fest an Transparenz und Rechenschaftspflicht. Die Ver\u00f6ffentlichung dieser Meilensteine gew\u00e4hrleistet, dass unsere Unterst\u00fctzer und Partner die Fortschritte dieser Initiative verfolgen k\u00f6nnen und die direkte Wirkung jedes Beitrags sehen.<\/p><p>Wir danken dem Spender herzlich daf\u00fcr, dass er es uns erm\u00f6glicht, einen weiteren Schritt zur \u00dcberwindung der digitalen Kluft zu machen. Wenn Sie diese Bem\u00fchungen unterst\u00fctzen m\u00f6chten, indem Sie IT-Ger\u00e4te wie Laptops, Projektoren, Tablets, Beamer, Soundsysteme, USB-Laufwerke oder Zubeh\u00f6r spenden, w\u00fcrden wir uns freuen, von Ihnen zu h\u00f6ren.<\/p><p>Gemeinsam machen wir Technologie zug\u00e4nglich und schaffen neue M\u00f6glichkeiten f\u00fcr Lernende in Kamerun.<\/p>\t\t\t\t\t\t\t\t<\/div>\n\t\t\t\t<\/div>\n\t\t\t\t\t<\/div>\n\t\t\t\t<\/div>\n\t\t\t\t<\/div>","protected":false},"excerpt":{"rendered":"<p>Turn Your Old Devices into Lifelong Opportunities Impact Circle Germany e.V. is launching a \u201cDonate Your IT Equipment\u201d campaign to collect computers, laptops, tablets, projectors, beamers, sound systems, USB drives, and accessories here in Germany \u2014 and send them to projects in Cameroon. Your donated devices will support: Educational projects for youth and schools Vocational [&hellip;]<\/p>","protected":false},"author":2,"featured_media":0,"parent":0,"menu_order":0,"comment_status":"closed","ping_status":"closed","template":"","meta":{"footnotes":""},"class_list":["post-863","page","type-page","status-publish","hentry"],"_links":{"self":[{"href":"https:\/\/impactcirclegermany.eu\/de\/wp-json\/wp\/v2\/pages\/863","targetHints":{"allow":["GET"]}}],"collection":[{"href":"https:\/\/impactcirclegermany.eu\/de\/wp-json\/wp\/v2\/pages"}],"about":[{"href":"https:\/\/impactcirclegermany.eu\/de\/wp-json\/wp\/v2\/types\/page"}],"author":[{"embeddable":true,"href":"https:\/\/impactcirclegermany.eu\/de\/wp-json\/wp\/v2\/users\/2"}],"replies":[{"embeddable":true,"href":"https:\/\/impactcirclegermany.eu\/de\/wp-json\/wp\/v2\/comments?post=863"}],"version-history":[{"count":11,"href":"https:\/\/impactcirclegermany.eu\/de\/wp-json\/wp\/v2\/pages\/863\/revisions"}],"predecessor-version":[{"id":984,"href":"https:\/\/impactcirclegermany.eu\/de\/wp-json\/wp\/v2\/pages\/863\/revisions\/984"}],"wp:attachment":[{"href":"https:\/\/impactcirclegermany.eu\/de\/wp-json\/wp\/v2\/media?parent=863"}],"curies":[{"name":"wp","href":"https:\/\/api.w.org\/{rel}","templated":true}]}}