{"id":556,"date":"2025-08-24T16:54:34","date_gmt":"2025-08-24T16:54:34","guid":{"rendered":"https:\/\/impactcirclegermany.eu\/?page_id=556"},"modified":"2025-08-24T17:03:15","modified_gmt":"2025-08-24T17:03:15","slug":"jacqueline-muthoni-karanja","status":"publish","type":"page","link":"https:\/\/impactcirclegermany.eu\/fr\/our-board-members\/jacqueline-muthoni-karanja\/","title":{"rendered":"Jacqueline Muthoni Karanja"},"content":{"rendered":"<style>.elementor-556 .elementor-element.elementor-element-d1fbe64 > .elementor-container{max-width:1200px;}.elementor-556 .elementor-element.elementor-element-d1fbe64 > .elementor-container > .elementor-column > .elementor-widget-wrap{align-content:center;align-items:center;}.elementor-556 .elementor-element.elementor-element-d1fbe64:not(.elementor-motion-effects-element-type-background), .elementor-556 .elementor-element.elementor-element-d1fbe64 > .elementor-motion-effects-container > .elementor-motion-effects-layer{background-image:url(\"https:\/\/impactcirclegermany.eu\/wp-content\/uploads\/2025\/08\/WhatsApp-Image-2025-08-13-at-5.43.45-PM.jpeg\");background-position:center center;background-repeat:no-repeat;background-size:cover;}.elementor-556 .elementor-element.elementor-element-d1fbe64 > .elementor-background-overlay{background-color:var( --e-global-color-primary );opacity:0.9;transition:background 0.3s, border-radius 0.3s, opacity 0.3s;}.elementor-556 .elementor-element.elementor-element-d1fbe64{transition:background 0.3s, border 0.3s, border-radius 0.3s, box-shadow 0.3s;padding:140px 0px 140px 0px;z-index:0;}.elementor-556 .elementor-element.elementor-element-957ad9e{text-align:start;}.elementor-556 .elementor-element.elementor-element-957ad9e .elementor-heading-title{font-family:var( --e-global-typography-secondary-font-family ), Sans-serif;font-size:var( --e-global-typography-secondary-font-size );font-weight:var( --e-global-typography-secondary-font-weight );text-transform:var( --e-global-typography-secondary-text-transform );font-style:var( --e-global-typography-secondary-font-style );text-decoration:var( --e-global-typography-secondary-text-decoration );line-height:var( --e-global-typography-secondary-line-height );color:#FFFFFF;}.elementor-556 .elementor-element.elementor-element-b7228bc .elementor-icon-list-items:not(.elementor-inline-items) .elementor-icon-list-item:not(:last-child){padding-block-end:calc(5px\/2);}.elementor-556 .elementor-element.elementor-element-b7228bc .elementor-icon-list-items:not(.elementor-inline-items) .elementor-icon-list-item:not(:first-child){margin-block-start:calc(5px\/2);}.elementor-556 .elementor-element.elementor-element-b7228bc .elementor-icon-list-items.elementor-inline-items .elementor-icon-list-item{margin-inline:calc(5px\/2);}.elementor-556 .elementor-element.elementor-element-b7228bc .elementor-icon-list-items.elementor-inline-items{margin-inline:calc(-5px\/2);}.elementor-556 .elementor-element.elementor-element-b7228bc .elementor-icon-list-items.elementor-inline-items .elementor-icon-list-item:after{inset-inline-end:calc(-5px\/2);}.elementor-556 .elementor-element.elementor-element-b7228bc .elementor-icon-list-icon i{color:var( --e-global-color-accent );transition:color 0.3s;}.elementor-556 .elementor-element.elementor-element-b7228bc .elementor-icon-list-icon svg{fill:var( --e-global-color-accent );transition:fill 0.3s;}.elementor-556 .elementor-element.elementor-element-b7228bc{--e-icon-list-icon-size:14px;--icon-vertical-offset:0px;margin:-5px 0px calc(var(--kit-widget-spacing, 0px) + 0px) 0px;}.elementor-556 .elementor-element.elementor-element-b7228bc .elementor-icon-list-icon{padding-inline-end:10px;}.elementor-556 .elementor-element.elementor-element-b7228bc .elementor-icon-list-item > .elementor-icon-list-text, .elementor-556 .elementor-element.elementor-element-b7228bc .elementor-icon-list-item > a{font-family:var( --e-global-typography-text-font-family ), Sans-serif;font-size:var( --e-global-typography-text-font-size );font-weight:var( --e-global-typography-text-font-weight );text-transform:var( --e-global-typography-text-text-transform );font-style:var( --e-global-typography-text-font-style );text-decoration:var( --e-global-typography-text-text-decoration );line-height:var( --e-global-typography-text-line-height );}.elementor-556 .elementor-element.elementor-element-b7228bc .elementor-icon-list-text{color:#FFFFFF;transition:color 0.3s;}.elementor-556 .elementor-element.elementor-element-80900d2{--display:flex;--padding-top:50px;--padding-bottom:50px;--padding-left:0px;--padding-right:0px;}.elementor-556 .elementor-element.elementor-element-fca89e9{text-align:start;}.elementor-556 .elementor-element.elementor-element-fca89e9 img{width:20%;border-radius:10px 10px 10px 10px;}.elementor-556 .elementor-element.elementor-element-eb0c112{--grid-template-columns:repeat(0, auto);text-align:left;--icon-size:16px;--grid-column-gap:5px;--grid-row-gap:0px;}.elementor-556 .elementor-element.elementor-element-eb0c112 .elementor-social-icon{background-color:var( --e-global-color-secondary );--icon-padding:10px;}@media(max-width:1024px){.elementor-556 .elementor-element.elementor-element-d1fbe64:not(.elementor-motion-effects-element-type-background), .elementor-556 .elementor-element.elementor-element-d1fbe64 > .elementor-motion-effects-container > .elementor-motion-effects-layer{background-position:center center;}.elementor-556 .elementor-element.elementor-element-d1fbe64{margin-top:0px;margin-bottom:0px;padding:210px 10px 140px 10px;}.elementor-556 .elementor-element.elementor-element-957ad9e .elementor-heading-title{font-size:var( --e-global-typography-secondary-font-size );line-height:var( --e-global-typography-secondary-line-height );}.elementor-556 .elementor-element.elementor-element-b7228bc .elementor-icon-list-item > .elementor-icon-list-text, .elementor-556 .elementor-element.elementor-element-b7228bc .elementor-icon-list-item > a{font-size:var( --e-global-typography-text-font-size );line-height:var( --e-global-typography-text-line-height );}}@media(max-width:767px){.elementor-556 .elementor-element.elementor-element-d1fbe64{margin-top:0px;margin-bottom:0px;padding:120px 10px 80px 10px;}.elementor-556 .elementor-element.elementor-element-957ad9e{text-align:center;}.elementor-556 .elementor-element.elementor-element-957ad9e .elementor-heading-title{font-size:var( --e-global-typography-secondary-font-size );line-height:var( --e-global-typography-secondary-line-height );}.elementor-556 .elementor-element.elementor-element-b7228bc .elementor-icon-list-item > .elementor-icon-list-text, .elementor-556 .elementor-element.elementor-element-b7228bc .elementor-icon-list-item > a{font-size:var( --e-global-typography-text-font-size );line-height:var( --e-global-typography-text-line-height );}}<\/style>\t\t<div data-elementor-type=\"wp-page\" data-elementor-id=\"556\" class=\"elementor elementor-556\" data-elementor-post-type=\"page\">\n\t\t\t\t\t\t<section class=\"elementor-section elementor-top-section elementor-element elementor-element-d1fbe64 elementor-section-content-middle elementor-section-boxed elementor-section-height-default elementor-section-height-default\" data-id=\"d1fbe64\" data-element_type=\"section\" data-e-type=\"section\" data-settings=\"{&quot;background_background&quot;:&quot;classic&quot;}\">\n\t\t\t\t\t\t\t<div class=\"elementor-background-overlay\"><\/div>\n\t\t\t\t\t\t\t<div class=\"elementor-container elementor-column-gap-default\">\n\t\t\t\t\t<div class=\"elementor-column elementor-col-50 elementor-top-column elementor-element elementor-element-b5dae9f\" data-id=\"b5dae9f\" data-element_type=\"column\" data-e-type=\"column\">\n\t\t\t<div class=\"elementor-widget-wrap elementor-element-populated\">\n\t\t\t\t\t\t\t<\/div>\n\t\t<\/div>\n\t\t\t\t<div class=\"elementor-column elementor-col-50 elementor-top-column elementor-element elementor-element-c1873fc\" data-id=\"c1873fc\" data-element_type=\"column\" data-e-type=\"column\">\n\t\t\t<div class=\"elementor-widget-wrap elementor-element-populated\">\n\t\t\t\t\t\t<div class=\"elementor-element elementor-element-b7228bc elementor-icon-list--layout-inline elementor-align-end elementor-mobile-align-center elementor-list-item-link-full_width elementor-widget elementor-widget-icon-list\" data-id=\"b7228bc\" data-element_type=\"widget\" data-e-type=\"widget\" data-widget_type=\"icon-list.default\">\n\t\t\t\t\t\t\t<ul class=\"elementor-icon-list-items elementor-inline-items\">\n\t\t\t\t\t\t\t<li class=\"elementor-icon-list-item elementor-inline-item\">\n\t\t\t\t\t\t\t\t\t\t<span class=\"elementor-icon-list-text\">Accueil<\/span>\n\t\t\t\t\t\t\t\t\t<\/li>\n\t\t\t\t\t\t\t\t<li class=\"elementor-icon-list-item elementor-inline-item\">\n\t\t\t\t\t\t\t\t\t\t\t<span class=\"elementor-icon-list-icon\">\n\t\t\t\t\t\t\t<svg aria-hidden=\"true\" class=\"e-font-icon-svg e-fas-chevron-right\" viewbox=\"0 0 320 512\" xmlns=\"http:\/\/www.w3.org\/2000\/svg\"><path d=\"M285.476 272.971L91.132 467.314c-9.373 9.373-24.569 9.373-33.941 0l-22.667-22.667c-9.357-9.357-9.375-24.522-.04-33.901L188.505 256 34.484 101.255c-9.335-9.379-9.317-24.544.04-33.901l22.667-22.667c9.373-9.373 24.569-9.373 33.941 0L285.475 239.03c9.373 9.372 9.373 24.568.001 33.941z\"><\/path><\/svg>\t\t\t\t\t\t<\/span>\n\t\t\t\t\t\t\t\t\t\t<span class=\"elementor-icon-list-text\">Membre du conseil d'administration<\/span>\n\t\t\t\t\t\t\t\t\t<\/li>\n\t\t\t\t\t\t\t\t<li class=\"elementor-icon-list-item elementor-inline-item\">\n\t\t\t\t\t\t\t\t\t\t\t<span class=\"elementor-icon-list-icon\">\n\t\t\t\t\t\t\t<svg aria-hidden=\"true\" class=\"e-font-icon-svg e-fas-chevron-right\" viewbox=\"0 0 320 512\" xmlns=\"http:\/\/www.w3.org\/2000\/svg\"><path d=\"M285.476 272.971L91.132 467.314c-9.373 9.373-24.569 9.373-33.941 0l-22.667-22.667c-9.357-9.357-9.375-24.522-.04-33.901L188.505 256 34.484 101.255c-9.335-9.379-9.317-24.544.04-33.901l22.667-22.667c9.373-9.373 24.569-9.373 33.941 0L285.475 239.03c9.373 9.372 9.373 24.568.001 33.941z\"><\/path><\/svg>\t\t\t\t\t\t<\/span>\n\t\t\t\t\t\t\t\t\t\t<span class=\"elementor-icon-list-text\"><\/span>\n\t\t\t\t\t\t\t\t\t<\/li>\n\t\t\t\t\t\t<\/ul>\n\t\t\t\t\t\t<\/div>\n\t\t\t\t\t<\/div>\n\t\t<\/div>\n\t\t\t\t\t<\/div>\n\t\t<\/section>\n\t\t<div class=\"elementor-element elementor-element-80900d2 e-flex e-con-boxed e-con e-parent\" data-id=\"80900d2\" data-element_type=\"container\" data-e-type=\"container\">\n\t\t\t\t\t<div class=\"e-con-inner\">\n\t\t\t\t<div class=\"elementor-element elementor-element-fca89e9 elementor-widget elementor-widget-image\" data-id=\"fca89e9\" data-element_type=\"widget\" data-e-type=\"widget\" data-widget_type=\"image.default\">\n\t\t\t\t\t\t\t\t\t\t\t\t\t\t\t<img fetchpriority=\"high\" decoding=\"async\" width=\"800\" height=\"534\" src=\"https:\/\/impactcirclegermany.eu\/wp-content\/uploads\/2025\/08\/placeholder-1024x683.png\" class=\"attachment-large size-large wp-image-266\" alt=\"\" srcset=\"https:\/\/impactcirclegermany.eu\/wp-content\/uploads\/2025\/08\/placeholder-1024x683.png 1024w, https:\/\/impactcirclegermany.eu\/wp-content\/uploads\/2025\/08\/placeholder-300x200.png 300w, https:\/\/impactcirclegermany.eu\/wp-content\/uploads\/2025\/08\/placeholder-768x512.png 768w, https:\/\/impactcirclegermany.eu\/wp-content\/uploads\/2025\/08\/placeholder.png 1200w\" sizes=\"(max-width: 800px) 100vw, 800px\" \/>\t\t\t\t\t\t\t\t\t\t\t\t\t\t\t<\/div>\n\t\t\t\t<div class=\"elementor-element elementor-element-eb0c112 elementor-shape-circle e-grid-align-left elementor-grid-0 elementor-widget elementor-widget-social-icons\" data-id=\"eb0c112\" data-element_type=\"widget\" data-e-type=\"widget\" data-widget_type=\"social-icons.default\">\n\t\t\t\t\t\t\t<div class=\"elementor-social-icons-wrapper elementor-grid\" role=\"list\">\n\t\t\t\t\t\t\t<span class=\"elementor-grid-item\" role=\"listitem\">\n\t\t\t\t\t<a class=\"elementor-icon elementor-social-icon elementor-social-icon-facebook-f elementor-repeater-item-75a194f\" target=\"_blank\">\n\t\t\t\t\t\t<span class=\"elementor-screen-only\">Facebook-f<\/span>\n\t\t\t\t\t\t<svg aria-hidden=\"true\" class=\"e-font-icon-svg e-fab-facebook-f\" viewbox=\"0 0 320 512\" xmlns=\"http:\/\/www.w3.org\/2000\/svg\"><path d=\"M279.14 288l14.22-92.66h-88.91v-60.13c0-25.35 12.42-50.06 52.24-50.06h40.42V6.26S260.43 0 225.36 0c-73.22 0-121.08 44.38-121.08 124.72v70.62H22.89V288h81.39v224h100.17V288z\"><\/path><\/svg>\t\t\t\t\t<\/a>\n\t\t\t\t<\/span>\n\t\t\t\t\t\t\t<span class=\"elementor-grid-item\" role=\"listitem\">\n\t\t\t\t\t<a class=\"elementor-icon elementor-social-icon elementor-social-icon-x-twitter elementor-repeater-item-1e45a85\" target=\"_blank\">\n\t\t\t\t\t\t<span class=\"elementor-screen-only\">X-twitter<\/span>\n\t\t\t\t\t\t<svg aria-hidden=\"true\" class=\"e-font-icon-svg e-fab-x-twitter\" viewbox=\"0 0 512 512\" xmlns=\"http:\/\/www.w3.org\/2000\/svg\"><path d=\"M389.2 48h70.6L305.6 224.2 487 464H345L233.7 318.6 106.5 464H35.8L200.7 275.5 26.8 48H172.4L272.9 180.9 389.2 48zM364.4 421.8h39.1L151.1 88h-42L364.4 421.8z\"><\/path><\/svg>\t\t\t\t\t<\/a>\n\t\t\t\t<\/span>\n\t\t\t\t\t\t\t<span class=\"elementor-grid-item\" role=\"listitem\">\n\t\t\t\t\t<a class=\"elementor-icon elementor-social-icon elementor-social-icon-linkedin-in elementor-repeater-item-25c960e\" target=\"_blank\">\n\t\t\t\t\t\t<span class=\"elementor-screen-only\">Linkedin-in<\/span>\n\t\t\t\t\t\t<svg aria-hidden=\"true\" class=\"e-font-icon-svg e-fab-linkedin-in\" viewbox=\"0 0 448 512\" xmlns=\"http:\/\/www.w3.org\/2000\/svg\"><path d=\"M100.28 448H7.4V148.9h92.88zM53.79 108.1C24.09 108.1 0 83.5 0 53.8a53.79 53.79 0 0 1 107.58 0c0 29.7-24.1 54.3-53.79 54.3zM447.9 448h-92.68V302.4c0-34.7-.7-79.2-48.29-79.2-48.29 0-55.69 37.7-55.69 76.7V448h-92.78V148.9h89.08v40.8h1.3c12.4-23.5 42.69-48.3 87.88-48.3 94 0 111.28 61.9 111.28 142.3V448z\"><\/path><\/svg>\t\t\t\t\t<\/a>\n\t\t\t\t<\/span>\n\t\t\t\t\t\t\t<span class=\"elementor-grid-item\" role=\"listitem\">\n\t\t\t\t\t<a class=\"elementor-icon elementor-social-icon elementor-social-icon-instagram elementor-repeater-item-a73b9a3\" target=\"_blank\">\n\t\t\t\t\t\t<span class=\"elementor-screen-only\">Instagram<\/span>\n\t\t\t\t\t\t<svg aria-hidden=\"true\" class=\"e-font-icon-svg e-fab-instagram\" viewbox=\"0 0 448 512\" xmlns=\"http:\/\/www.w3.org\/2000\/svg\"><path d=\"M224.1 141c-63.6 0-114.9 51.3-114.9 114.9s51.3 114.9 114.9 114.9S339 319.5 339 255.9 287.7 141 224.1 141zm0 189.6c-41.1 0-74.7-33.5-74.7-74.7s33.5-74.7 74.7-74.7 74.7 33.5 74.7 74.7-33.6 74.7-74.7 74.7zm146.4-194.3c0 14.9-12 26.8-26.8 26.8-14.9 0-26.8-12-26.8-26.8s12-26.8 26.8-26.8 26.8 12 26.8 26.8zm76.1 27.2c-1.7-35.9-9.9-67.7-36.2-93.9-26.2-26.2-58-34.4-93.9-36.2-37-2.1-147.9-2.1-184.9 0-35.8 1.7-67.6 9.9-93.9 36.1s-34.4 58-36.2 93.9c-2.1 37-2.1 147.9 0 184.9 1.7 35.9 9.9 67.7 36.2 93.9s58 34.4 93.9 36.2c37 2.1 147.9 2.1 184.9 0 35.9-1.7 67.7-9.9 93.9-36.2 26.2-26.2 34.4-58 36.2-93.9 2.1-37 2.1-147.8 0-184.8zM398.8 388c-7.8 19.6-22.9 34.7-42.6 42.6-29.5 11.7-99.5 9-132.1 9s-102.7 2.6-132.1-9c-19.6-7.8-34.7-22.9-42.6-42.6-11.7-29.5-9-99.5-9-132.1s-2.6-102.7 9-132.1c7.8-19.6 22.9-34.7 42.6-42.6 29.5-11.7 99.5-9 132.1-9s102.7-2.6 132.1 9c19.6 7.8 34.7 22.9 42.6 42.6 11.7 29.5 9 99.5 9 132.1s2.7 102.7-9 132.1z\"><\/path><\/svg>\t\t\t\t\t<\/a>\n\t\t\t\t<\/span>\n\t\t\t\t\t<\/div>\n\t\t\t\t\t\t<\/div>\n\t\t\t\t<div class=\"elementor-element elementor-element-51b2008 elementor-widget elementor-widget-text-editor\" data-id=\"51b2008\" data-element_type=\"widget\" data-e-type=\"widget\" data-widget_type=\"text-editor.default\">\n\t\t\t\t\t\t\t\t\t<p><strong>Secr\u00e9taire ex\u00e9cutif, Impact Circle Germany e.V.<\/strong><\/p><p>Jacqueline Karanja est secr\u00e9taire ex\u00e9cutive d'Impact Circle Germany e.V., o\u00f9 elle coordonne les activit\u00e9s du conseil d'administration, la documentation et les communications internes. Originaire du Kenya, Jacqueline est infirmi\u00e8re de profession et poss\u00e8de une exp\u00e9rience pratique dans le domaine des soins de sant\u00e9 et du service communautaire.<\/p><p>Elle apporte au conseil d'administration sa discipline organisationnelle, sa compassion et sa vision interculturelle. Sa double exp\u00e9rience en mati\u00e8re de soins de sant\u00e9 et d'engagement communautaire fait d'elle une ardente d\u00e9fenseuse de la mission de l'organisation, qui consiste \u00e0 soutenir les solutions locales aux d\u00e9fis du d\u00e9veloppement mondial.<\/p>\t\t\t\t\t\t\t\t<\/div>\n\t\t\t\t\t<\/div>\n\t\t\t\t<\/div>\n\t\t\t\t<\/div>","protected":false},"excerpt":{"rendered":"<p>Home Board Member Facebook-f X-twitter Linkedin-in Instagram Executive Secretary, Impact Circle Germany e.V. Jacqueline Karanja serves as Executive Secretary of Impact Circle Germany e.V., where she coordinates board activities, documentation, and internal communications. Originally from Kenya, Jacqueline is a nurse by profession with hands-on experience in healthcare and community service. She brings organizational discipline, compassion, [&hellip;]<\/p>","protected":false},"author":2,"featured_media":0,"parent":346,"menu_order":0,"comment_status":"closed","ping_status":"closed","template":"","meta":{"footnotes":""},"class_list":["post-556","page","type-page","status-publish","hentry"],"_links":{"self":[{"href":"https:\/\/impactcirclegermany.eu\/fr\/wp-json\/wp\/v2\/pages\/556","targetHints":{"allow":["GET"]}}],"collection":[{"href":"https:\/\/impactcirclegermany.eu\/fr\/wp-json\/wp\/v2\/pages"}],"about":[{"href":"https:\/\/impactcirclegermany.eu\/fr\/wp-json\/wp\/v2\/types\/page"}],"author":[{"embeddable":true,"href":"https:\/\/impactcirclegermany.eu\/fr\/wp-json\/wp\/v2\/users\/2"}],"replies":[{"embeddable":true,"href":"https:\/\/impactcirclegermany.eu\/fr\/wp-json\/wp\/v2\/comments?post=556"}],"version-history":[{"count":7,"href":"https:\/\/impactcirclegermany.eu\/fr\/wp-json\/wp\/v2\/pages\/556\/revisions"}],"predecessor-version":[{"id":563,"href":"https:\/\/impactcirclegermany.eu\/fr\/wp-json\/wp\/v2\/pages\/556\/revisions\/563"}],"up":[{"embeddable":true,"href":"https:\/\/impactcirclegermany.eu\/fr\/wp-json\/wp\/v2\/pages\/346"}],"wp:attachment":[{"href":"https:\/\/impactcirclegermany.eu\/fr\/wp-json\/wp\/v2\/media?parent=556"}],"curies":[{"name":"wp","href":"https:\/\/api.w.org\/{rel}","templated":true}]}}