{"id":694,"date":"2025-09-18T18:45:38","date_gmt":"2025-09-18T18:45:38","guid":{"rendered":"https:\/\/impactcirclegermany.eu\/?page_id=694"},"modified":"2025-09-30T17:43:15","modified_gmt":"2025-09-30T17:43:15","slug":"global-learning-and-antiracism-education","status":"publish","type":"page","link":"https:\/\/impactcirclegermany.eu\/fr\/global-learning-and-antiracism-education\/","title":{"rendered":"Apprentissage global et \u00e9ducation antiraciste"},"content":{"rendered":"<div data-elementor-type=\"wp-page\" data-elementor-id=\"694\" class=\"elementor elementor-694\" data-elementor-post-type=\"page\">\n\t\t\t\t<div class=\"elementor-element elementor-element-aaecd9b e-flex e-con-boxed e-con e-parent\" data-id=\"aaecd9b\" data-element_type=\"container\" data-e-type=\"container\">\n\t\t\t\t\t<div class=\"e-con-inner\">\n\t\t\t\t<div class=\"elementor-element elementor-element-f6072cc elementor-widget elementor-widget-text-editor\" data-id=\"f6072cc\" data-element_type=\"widget\" data-e-type=\"widget\" data-widget_type=\"text-editor.default\">\n\t\t\t\t\t\t\t\t\t<p data-start=\"224\" data-end=\"248\"><strong data-start=\"224\" data-end=\"246\">Entr\u00e9e d'un nouveau projet :<\/strong><\/p><p data-start=\"250\" data-end=\"361\"><strong data-start=\"250\" data-end=\"359\">Kiezkino : Vielfalt auf der Leinwand - Filmabend mit Diskussion zur F\u00f6rderung von Toleranz und Miteinander<\/strong><\/p><p data-start=\"363\" data-end=\"560\">Nous sommes ravis de vous annoncer que notre micro-projet <em data-start=\"412\" data-end=\"451\">\"Kiezkino : Vielfalt auf der Leinwand\"<\/em> a \u00e9t\u00e9 officiellement approuv\u00e9e avec un financement de <strong data-start=\"497\" data-end=\"505\">\u20ac600<\/strong> dans le cadre du programme f\u00e9d\u00e9ral <strong data-start=\"534\" data-end=\"557\">\"Demokratie leben !\"<\/strong>.<\/p><p data-start=\"562\" data-end=\"798\">Entre <strong data-start=\"570\" data-end=\"604\">1er octobre et 30 novembre 2025<\/strong>Nous accueillerons un <strong data-start=\"621\" data-end=\"677\">Soir\u00e9e cin\u00e9ma communautaire \u00e0 Charlottenburg-Wilmersdorf<\/strong>avec le documentaire prim\u00e9 <em data-start=\"719\" data-end=\"729\">Eldorado<\/em> (2018, Markus Imhoof) et une discussion ouverte. Le projet vise \u00e0 :<\/p><ul data-start=\"800\" data-end=\"916\"><li data-start=\"800\" data-end=\"838\"><p data-start=\"802\" data-end=\"838\">Renforcer la solidarit\u00e9 de voisinage<\/p><\/li><li data-start=\"839\" data-end=\"873\"><p data-start=\"841\" data-end=\"873\">Promouvoir la tol\u00e9rance et le dialogue<\/p><\/li><li data-start=\"874\" data-end=\"916\"><p data-start=\"876\" data-end=\"916\">Sensibiliser \u00e0 la lutte contre la discrimination<\/p><\/li><\/ul><p data-start=\"918\" data-end=\"1052\">Cette initiative est soutenue par la <strong data-start=\"954\" data-end=\"995\">Bezirksamt Charlottenburg-Wilmersdorf<\/strong> et le <strong data-start=\"1004\" data-end=\"1049\">Demokratieb\u00fcro Charlottenburg-Wilmersdorf<\/strong>.<\/p><p data-start=\"1054\" data-end=\"1110\">Restez \u00e0 l'\u00e9coute pour conna\u00eetre la date de l'\u00e9v\u00e9nement et savoir comment vous pouvez vous joindre \u00e0 nous !<\/p>\t\t\t\t\t\t\t\t<\/div>\n\t\t\t\t\t<\/div>\n\t\t\t\t<\/div>\n\t\t\t\t<\/div>","protected":false},"excerpt":{"rendered":"<p>New Project Entry: Kiezkino: Vielfalt auf der Leinwand \u2013 Filmabend mit Diskussion zur F\u00f6rderung von Toleranz und Miteinander We are delighted to share that our micro-project \u201cKiezkino: Vielfalt auf der Leinwand\u201d has officially been approved with funding of \u20ac600 under the federal programme \u201cDemokratie leben!\u201d. Between 1 October and 30 November 2025, we will host [&hellip;]<\/p>","protected":false},"author":2,"featured_media":0,"parent":0,"menu_order":0,"comment_status":"closed","ping_status":"closed","template":"","meta":{"footnotes":""},"class_list":["post-694","page","type-page","status-publish","hentry"],"_links":{"self":[{"href":"https:\/\/impactcirclegermany.eu\/fr\/wp-json\/wp\/v2\/pages\/694","targetHints":{"allow":["GET"]}}],"collection":[{"href":"https:\/\/impactcirclegermany.eu\/fr\/wp-json\/wp\/v2\/pages"}],"about":[{"href":"https:\/\/impactcirclegermany.eu\/fr\/wp-json\/wp\/v2\/types\/page"}],"author":[{"embeddable":true,"href":"https:\/\/impactcirclegermany.eu\/fr\/wp-json\/wp\/v2\/users\/2"}],"replies":[{"embeddable":true,"href":"https:\/\/impactcirclegermany.eu\/fr\/wp-json\/wp\/v2\/comments?post=694"}],"version-history":[{"count":4,"href":"https:\/\/impactcirclegermany.eu\/fr\/wp-json\/wp\/v2\/pages\/694\/revisions"}],"predecessor-version":[{"id":857,"href":"https:\/\/impactcirclegermany.eu\/fr\/wp-json\/wp\/v2\/pages\/694\/revisions\/857"}],"wp:attachment":[{"href":"https:\/\/impactcirclegermany.eu\/fr\/wp-json\/wp\/v2\/media?parent=694"}],"curies":[{"name":"wp","href":"https:\/\/api.w.org\/{rel}","templated":true}]}}