{"id":705,"date":"2025-09-18T18:50:52","date_gmt":"2025-09-18T18:50:52","guid":{"rendered":"https:\/\/impactcirclegermany.eu\/?page_id=705"},"modified":"2025-09-23T04:04:43","modified_gmt":"2025-09-23T04:04:43","slug":"our-story","status":"publish","type":"page","link":"https:\/\/impactcirclegermany.eu\/fr\/our-story\/","title":{"rendered":"Notre histoire"},"content":{"rendered":"<style>.elementor-705 .elementor-element.elementor-element-ca258f4{--display:flex;--flex-direction:row;--container-widget-width:initial;--container-widget-height:100%;--container-widget-flex-grow:1;--container-widget-align-self:stretch;--flex-wrap-mobile:wrap;--gap:0px 0px;--row-gap:0px;--column-gap:0px;}.elementor-705 .elementor-element.elementor-element-7999bab{--display:flex;}.elementor-705 .elementor-element.elementor-element-6f56b1b{--display:flex;--gap:0px 0px;--row-gap:0px;--column-gap:0px;--padding-top:0px;--padding-bottom:0px;--padding-left:0px;--padding-right:0px;}.elementor-705 .elementor-element.elementor-element-0693ce2{--display:flex;}.elementor-705 .elementor-element.elementor-element-965e3ff{--display:flex;}@media(min-width:768px){.elementor-705 .elementor-element.elementor-element-7999bab{--width:50%;}.elementor-705 .elementor-element.elementor-element-6f56b1b{--width:50%;}}<\/style>\t\t<div data-elementor-type=\"wp-page\" data-elementor-id=\"705\" class=\"elementor elementor-705\" data-elementor-post-type=\"page\">\n\t\t\t\t<div class=\"elementor-element elementor-element-ca258f4 e-flex e-con-boxed e-con e-parent\" data-id=\"ca258f4\" data-element_type=\"container\" data-e-type=\"container\">\n\t\t\t\t\t<div class=\"e-con-inner\">\n\t\t<div class=\"elementor-element elementor-element-7999bab e-con-full e-flex e-con e-child\" data-id=\"7999bab\" data-element_type=\"container\" data-e-type=\"container\">\n\t\t\t\t<div class=\"elementor-element elementor-element-0244257 elementor-widget elementor-widget-text-editor\" data-id=\"0244257\" data-element_type=\"widget\" data-e-type=\"widget\" data-widget_type=\"text-editor.default\">\n\t\t\t\t\t\t\t\t\t<p data-start=\"447\" data-end=\"783\">Impact Circle Germany e.V. est n\u00e9 d'une profonde pr\u00e9occupation pour les d\u00e9fis auxquels sont confront\u00e9s les r\u00e9fugi\u00e9s et les migrants d'Afrique subsaharienne. Chaque ann\u00e9e, des milliers de personnes risquent des voyages dangereux \u00e0 travers le d\u00e9sert du Sahara et la M\u00e9diterran\u00e9e, pouss\u00e9es par les conflits, les violations des droits de l'homme, la pers\u00e9cution et la pauvret\u00e9 \u00e0 la recherche d'une vie meilleure en Europe.<\/p><p data-start=\"785\" data-end=\"934\">Nombreux sont ceux qui n'y parviennent jamais. Ceux qui y parviennent sont souvent confront\u00e9s \u00e0 de nouvelles difficult\u00e9s, qu'il s'agisse de lacunes dans l'int\u00e9gration ou de possibilit\u00e9s limit\u00e9es de r\u00e9installation ou de retour volontaire.<\/p><p data-start=\"936\" data-end=\"1196\">Nos fondateurs, qui ont eux-m\u00eames des racines en Afrique et une exp\u00e9rience en Europe, ont reconnu le besoin urgent de solutions qui vont au-del\u00e0 de la r\u00e9ponse aux crises. <strong data-start=\"1081\" data-end=\"1194\">Impact Circle Germany e.V. a \u00e9t\u00e9 cr\u00e9\u00e9 pour mettre en relation des actions locales en Afrique avec des actions de plaidoyer et de soutien en Europe.<\/strong><\/p><p data-start=\"1198\" data-end=\"1231\">Par notre travail, nous nous effor\u00e7ons de :<\/p><ul data-start=\"1232\" data-end=\"1549\"><li data-start=\"1232\" data-end=\"1340\"><p data-start=\"1234\" data-end=\"1340\"><strong data-start=\"1234\" data-end=\"1291\">Promouvoir le d\u00e9veloppement durable en Afrique subsaharienne<\/strong> r\u00e9duire les causes profondes de la migration forc\u00e9e.<\/p><\/li><li data-start=\"1341\" data-end=\"1463\"><p data-start=\"1343\" data-end=\"1463\"><strong data-start=\"1343\" data-end=\"1387\">Soutenir les r\u00e9fugi\u00e9s et les migrants en Allemagne<\/strong> avec des possibilit\u00e9s de protection, d'int\u00e9gration ou de retour volontaire dans la dignit\u00e9.<\/p><\/li><li data-start=\"1464\" data-end=\"1549\"><p data-start=\"1466\" data-end=\"1549\"><strong data-start=\"1466\" data-end=\"1520\">Renforcer les droits de l'homme et les r\u00e9ponses humanitaires<\/strong> en Afrique et en Europe.<\/p><\/li><\/ul><p data-start=\"1551\" data-end=\"1716\">Notre histoire est celle d'une solidarit\u00e9 transfrontali\u00e8re qui relie les espoirs des jeunes en Afrique aux opportunit\u00e9s, \u00e0 la dignit\u00e9 et \u00e0 la justice, o\u00f9 qu'ils se trouvent.<\/p>\t\t\t\t\t\t\t\t<\/div>\n\t\t\t\t<\/div>\n\t\t<div class=\"elementor-element elementor-element-6f56b1b e-con-full e-flex e-con e-child\" data-id=\"6f56b1b\" data-element_type=\"container\" data-e-type=\"container\">\n\t\t<div class=\"elementor-element elementor-element-0693ce2 e-con-full e-flex e-con e-child\" data-id=\"0693ce2\" data-element_type=\"container\" data-e-type=\"container\">\n\t\t\t\t<div class=\"elementor-element elementor-element-2de758e elementor-widget elementor-widget-image\" data-id=\"2de758e\" data-element_type=\"widget\" data-e-type=\"widget\" data-widget_type=\"image.default\">\n\t\t\t\t\t\t\t\t\t\t\t\t\t\t\t<img fetchpriority=\"high\" decoding=\"async\" width=\"800\" height=\"450\" src=\"https:\/\/impactcirclegermany.eu\/wp-content\/uploads\/2025\/09\/The-suffocating-desert-IRC-1024x576.png\" class=\"attachment-large size-large wp-image-814\" alt=\"The suffocating desert - IRC\" srcset=\"https:\/\/impactcirclegermany.eu\/wp-content\/uploads\/2025\/09\/The-suffocating-desert-IRC-1024x576.png 1024w, https:\/\/impactcirclegermany.eu\/wp-content\/uploads\/2025\/09\/The-suffocating-desert-IRC-300x169.png 300w, https:\/\/impactcirclegermany.eu\/wp-content\/uploads\/2025\/09\/The-suffocating-desert-IRC-768x432.png 768w, https:\/\/impactcirclegermany.eu\/wp-content\/uploads\/2025\/09\/The-suffocating-desert-IRC-1536x864.png 1536w, https:\/\/impactcirclegermany.eu\/wp-content\/uploads\/2025\/09\/The-suffocating-desert-IRC-2048x1152.png 2048w, https:\/\/impactcirclegermany.eu\/wp-content\/uploads\/2025\/09\/The-suffocating-desert-IRC-18x10.png 18w\" sizes=\"(max-width: 800px) 100vw, 800px\" \/>\t\t\t\t\t\t\t\t\t\t\t\t\t\t\t<\/div>\n\t\t\t\t<\/div>\n\t\t<div class=\"elementor-element elementor-element-965e3ff e-con-full e-flex e-con e-child\" data-id=\"965e3ff\" data-element_type=\"container\" data-e-type=\"container\">\n\t\t\t\t<div class=\"elementor-element elementor-element-8fa6628 elementor-widget elementor-widget-image\" data-id=\"8fa6628\" data-element_type=\"widget\" data-e-type=\"widget\" data-widget_type=\"image.default\">\n\t\t\t\t\t\t\t\t\t\t\t\t\t\t\t<img decoding=\"async\" width=\"800\" height=\"554\" src=\"https:\/\/impactcirclegermany.eu\/wp-content\/uploads\/2025\/09\/The-perilous-Mediterranean-IRC-1024x709.png\" class=\"attachment-large size-large wp-image-815\" alt=\"The suffocating desert - IRC\" srcset=\"https:\/\/impactcirclegermany.eu\/wp-content\/uploads\/2025\/09\/The-perilous-Mediterranean-IRC-1024x709.png 1024w, https:\/\/impactcirclegermany.eu\/wp-content\/uploads\/2025\/09\/The-perilous-Mediterranean-IRC-300x208.png 300w, https:\/\/impactcirclegermany.eu\/wp-content\/uploads\/2025\/09\/The-perilous-Mediterranean-IRC-768x532.png 768w, https:\/\/impactcirclegermany.eu\/wp-content\/uploads\/2025\/09\/The-perilous-Mediterranean-IRC-1536x1063.png 1536w, https:\/\/impactcirclegermany.eu\/wp-content\/uploads\/2025\/09\/The-perilous-Mediterranean-IRC-18x12.png 18w, https:\/\/impactcirclegermany.eu\/wp-content\/uploads\/2025\/09\/The-perilous-Mediterranean-IRC.png 1920w\" sizes=\"(max-width: 800px) 100vw, 800px\" \/>\t\t\t\t\t\t\t\t\t\t\t\t\t\t\t<\/div>\n\t\t\t\t<\/div>\n\t\t\t\t<\/div>\n\t\t\t\t\t<\/div>\n\t\t\t\t<\/div>\n\t\t\t\t<\/div>","protected":false},"excerpt":{"rendered":"<p>Impact Circle Germany e.V. was born out of a deep concern for the challenges faced by refugees and migrants from Sub-Saharan Africa. Every year, thousands risk dangerous journeys across the Sahara Desert and the Mediterranean, driven by conflict, human rights violations, persecution, and poverty in search of a better life in Europe. Many never make [&hellip;]<\/p>","protected":false},"author":2,"featured_media":0,"parent":0,"menu_order":0,"comment_status":"closed","ping_status":"closed","template":"","meta":{"footnotes":""},"class_list":["post-705","page","type-page","status-publish","hentry"],"_links":{"self":[{"href":"https:\/\/impactcirclegermany.eu\/fr\/wp-json\/wp\/v2\/pages\/705","targetHints":{"allow":["GET"]}}],"collection":[{"href":"https:\/\/impactcirclegermany.eu\/fr\/wp-json\/wp\/v2\/pages"}],"about":[{"href":"https:\/\/impactcirclegermany.eu\/fr\/wp-json\/wp\/v2\/types\/page"}],"author":[{"embeddable":true,"href":"https:\/\/impactcirclegermany.eu\/fr\/wp-json\/wp\/v2\/users\/2"}],"replies":[{"embeddable":true,"href":"https:\/\/impactcirclegermany.eu\/fr\/wp-json\/wp\/v2\/comments?post=705"}],"version-history":[{"count":4,"href":"https:\/\/impactcirclegermany.eu\/fr\/wp-json\/wp\/v2\/pages\/705\/revisions"}],"predecessor-version":[{"id":818,"href":"https:\/\/impactcirclegermany.eu\/fr\/wp-json\/wp\/v2\/pages\/705\/revisions\/818"}],"wp:attachment":[{"href":"https:\/\/impactcirclegermany.eu\/fr\/wp-json\/wp\/v2\/media?parent=705"}],"curies":[{"name":"wp","href":"https:\/\/api.w.org\/{rel}","templated":true}]}}