{"id":756,"date":"2025-09-19T10:00:09","date_gmt":"2025-09-19T10:00:09","guid":{"rendered":"https:\/\/impactcirclegermany.eu\/?page_id=756"},"modified":"2025-09-19T15:27:19","modified_gmt":"2025-09-19T15:27:19","slug":"transparency","status":"publish","type":"page","link":"https:\/\/impactcirclegermany.eu\/fr\/transparency\/","title":{"rendered":"Transparence"},"content":{"rendered":"<style>.elementor-756 .elementor-element.elementor-element-5d1b5222{--display:flex;}.elementor-756 .elementor-element.elementor-element-2f3e57a{--display:flex;}.elementor-756 .elementor-element.elementor-element-8007f46{text-align:center;}.elementor-756 .elementor-element.elementor-element-f099465{--divider-border-style:solid;--divider-color:#000;--divider-border-width:1px;}.elementor-756 .elementor-element.elementor-element-f099465 .elementor-divider-separator{width:100%;}.elementor-756 .elementor-element.elementor-element-f099465 .elementor-divider{padding-block-start:15px;padding-block-end:15px;}.elementor-756 .elementor-element.elementor-element-90623a2{--display:flex;}.elementor-756 .elementor-element.elementor-element-4760cd1{text-align:start;}.elementor-756 .elementor-element.elementor-element-21934c2{--divider-border-style:solid;--divider-color:#000;--divider-border-width:1px;}.elementor-756 .elementor-element.elementor-element-21934c2 .elementor-divider-separator{width:100%;}.elementor-756 .elementor-element.elementor-element-21934c2 .elementor-divider{padding-block-start:15px;padding-block-end:15px;}.elementor-756 .elementor-element.elementor-element-70819e2{--display:flex;}.elementor-756 .elementor-element.elementor-element-faf39b3{--display:flex;}.elementor-756 .elementor-element.elementor-element-8b9221e{--display:flex;}.elementor-756 .elementor-element.elementor-element-18e1709{--divider-border-style:solid;--divider-color:#000;--divider-border-width:1px;}.elementor-756 .elementor-element.elementor-element-18e1709 .elementor-divider-separator{width:100%;}.elementor-756 .elementor-element.elementor-element-18e1709 .elementor-divider{padding-block-start:15px;padding-block-end:15px;}.elementor-756 .elementor-element.elementor-element-adafb0f{text-align:center;}<\/style>\t\t<div data-elementor-type=\"wp-page\" data-elementor-id=\"756\" class=\"elementor elementor-756\" data-elementor-post-type=\"page\">\n\t\t\t\t<div class=\"elementor-element elementor-element-5d1b5222 e-flex e-con-boxed e-con e-parent\" data-id=\"5d1b5222\" data-element_type=\"container\" data-e-type=\"container\">\n\t\t\t\t\t<div class=\"e-con-inner\">\n\t\t<div class=\"elementor-element elementor-element-2f3e57a e-con-full e-flex e-con e-child\" data-id=\"2f3e57a\" data-element_type=\"container\" data-e-type=\"container\">\n\t\t\t\t<div class=\"elementor-element elementor-element-8007f46 elementor-widget elementor-widget-heading\" data-id=\"8007f46\" data-element_type=\"widget\" data-e-type=\"widget\" data-widget_type=\"heading.default\">\n\t\t\t\t\t<h2 class=\"elementor-heading-title elementor-size-default\"><div class=\"box headline mb-5\" id=\"c1765\" style=\"margin-bottom: 43px;position: relative;, Arial, sans-serif;font-size: 19px;font-weight: 400;text-transform: none\"><h1 class=\"h1\" style=\"font-size: 52px;margin: 0px 0px 58px;, Arial, sans-serif;font-weight: 700;line-height: 1.2\">Informations sur Transparency Deutschland dans le cadre de la mise en \u0153uvre de l'initiative pour une soci\u00e9t\u00e9 civile transparente<span style=\"font-family: Raleway, sans-serif;font-size: 40px\"><\/span><\/h1><\/div><\/h2>\t\t\t\t<\/div>\n\t\t\t\t<div class=\"elementor-element elementor-element-f099465 elementor-widget-divider--view-line elementor-widget elementor-widget-divider\" data-id=\"f099465\" data-element_type=\"widget\" data-e-type=\"widget\" data-widget_type=\"divider.default\">\n\t\t\t\t\t\t\t<div class=\"elementor-divider\">\n\t\t\t<span class=\"elementor-divider-separator\">\n\t\t\t\t\t\t<\/span>\n\t\t<\/div>\n\t\t\t\t\t\t<\/div>\n\t\t\t\t<\/div>\n\t\t\t\t\t<\/div>\n\t\t\t\t<\/div>\n\t\t<div class=\"elementor-element elementor-element-90623a2 e-flex e-con-boxed e-con e-parent\" data-id=\"90623a2\" data-element_type=\"container\" data-e-type=\"container\">\n\t\t\t\t\t<div class=\"e-con-inner\">\n\t\t\t\t<div class=\"elementor-element elementor-element-4760cd1 elementor-widget elementor-widget-image\" data-id=\"4760cd1\" data-element_type=\"widget\" data-e-type=\"widget\" data-widget_type=\"image.default\">\n\t\t\t\t\t\t\t\t\t\t\t\t\t\t\t<img fetchpriority=\"high\" decoding=\"async\" width=\"300\" height=\"300\" src=\"https:\/\/impactcirclegermany.eu\/wp-content\/uploads\/2025\/08\/Untitled-design-100-300x300.png\" class=\"attachment-medium size-medium wp-image-43\" alt=\"\" srcset=\"https:\/\/impactcirclegermany.eu\/wp-content\/uploads\/2025\/08\/Untitled-design-100-300x300.png 300w, https:\/\/impactcirclegermany.eu\/wp-content\/uploads\/2025\/08\/Untitled-design-100-150x150.png 150w, https:\/\/impactcirclegermany.eu\/wp-content\/uploads\/2025\/08\/Untitled-design-100.png 500w\" sizes=\"(max-width: 300px) 100vw, 300px\" \/>\t\t\t\t\t\t\t\t\t\t\t\t\t\t\t<\/div>\n\t\t\t\t<div class=\"elementor-element elementor-element-21934c2 elementor-widget-divider--view-line elementor-widget elementor-widget-divider\" data-id=\"21934c2\" data-element_type=\"widget\" data-e-type=\"widget\" data-widget_type=\"divider.default\">\n\t\t\t\t\t\t\t<div class=\"elementor-divider\">\n\t\t\t<span class=\"elementor-divider-separator\">\n\t\t\t\t\t\t<\/span>\n\t\t<\/div>\n\t\t\t\t\t\t<\/div>\n\t\t\t\t\t<\/div>\n\t\t\t\t<\/div>\n\t\t<div class=\"elementor-element elementor-element-70819e2 e-flex e-con-boxed e-con e-parent\" data-id=\"70819e2\" data-element_type=\"container\" data-e-type=\"container\">\n\t\t\t\t\t<div class=\"e-con-inner\">\n\t\t\t\t<div class=\"elementor-element elementor-element-66d691d elementor-widget elementor-widget-text-editor\" data-id=\"66d691d\" data-element_type=\"widget\" data-e-type=\"widget\" data-widget_type=\"text-editor.default\">\n\t\t\t\t\t\t\t\t\t<h2 data-start=\"2943\" data-end=\"2994\"><strong data-start=\"2946\" data-end=\"2992\">1. Name, Sitz, Anschrift und Gr\u00fcndungsjahr<\/strong><\/h2>\n<ul data-start=\"2995\" data-end=\"3216\">\n<li data-start=\"2995\" data-end=\"3035\">\n<p data-start=\"2997\" data-end=\"3035\"><strong data-start=\"2997\" data-end=\"3006\">Nom :<\/strong> Impact Circle Germany e.V.<\/p>\n<\/li>\n<li data-start=\"3036\" data-end=\"3069\">\n<p data-start=\"3038\" data-end=\"3069\"><strong data-start=\"3038\" data-end=\"3047\">Sitz :<\/strong> Berlin, Allemagne<\/p>\n<\/li>\n<li data-start=\"3070\" data-end=\"3107\">\n<p data-start=\"3072\" data-end=\"3107\"><strong data-start=\"3072\" data-end=\"3086\">Anschrift :<\/strong> Trabener Stra\u00dfe 73a, 14193, Berlin<\/p>\n<\/li>\n<li data-start=\"3108\" data-end=\"3135\">\n<p data-start=\"3110\" data-end=\"3135\"><strong data-start=\"3110\" data-end=\"3128\">Gr\u00fcndungsjahr :<\/strong> 2023<\/p>\n<\/li>\n<li data-start=\"3136\" data-end=\"3216\">\n<p data-start=\"3138\" data-end=\"3216\"><strong data-start=\"3138\" data-end=\"3158\">Registre d'immatriculation :<\/strong> Amtsgericht Berlin-Charlottenburg, (VR 40521 B)<\/p>\n<\/li>\n<\/ul>\n<p data-start=\"439\" data-end=\"484\">\ud83d\udc49 <a class=\"decorated-link cursor-pointer\" href=\"https:\/\/impactcirclegermany.eu\/fr\/contact-us\/\" target=\"_blank\" rel=\"noopener\" data-start=\"442\" data-end=\"482\">Notre site de contact\u00a0<\/a><\/p>\n<hr data-start=\"3218\" data-end=\"3221\" \/>\n<h2 data-start=\"3223\" data-end=\"3252\"><strong data-start=\"3226\" data-end=\"3250\">2. Satzung und Ziele<\/strong><\/h2>\n<ul data-start=\"3253\" data-end=\"3539\">\n<li data-start=\"3253\" data-end=\"3320\">\n<p data-start=\"3255\" data-end=\"3320\">Notre programme complet <strong data-start=\"3275\" data-end=\"3286\">Satzung<\/strong> vous trouverez ici\u00a0<a href=\"https:\/\/impactcirclegermany.eu\/fr\/policy-documents\/\" target=\"_blank\" rel=\"noopener\">Documents de politique g\u00e9n\u00e9rale<\/a><\/p>\n<\/li>\n<li data-start=\"3321\" data-end=\"3539\">\n<p data-start=\"3323\" data-end=\"3539\"><strong data-start=\"3323\" data-end=\"3333\">Ziele : <\/strong>Gem\u00e4\u00df \u00a7 3 unserer Satzung verfolgt Impact Circle Germany e.V. ausschlie\u00dflich und unmittelbar gemeinn\u00fctzige Zwecke im Sinne der Abgabenordnung (AO).<\/p>\n<\/li>\n<\/ul>\n<div>\n<p data-start=\"332\" data-end=\"373\">Les Vereinsziele comprennent notamment les \u00e9l\u00e9ments suivants<\/p>\n<ul data-start=\"374\" data-end=\"613\">\n<li data-start=\"374\" data-end=\"488\">\n<p data-start=\"376\" data-end=\"488\">Soutien aux clients, aux consommateurs et aux partisans de la politique, de la r\u00e9pression ou de la religion,<\/p>\n<\/li>\n<li data-start=\"489\" data-end=\"549\">\n<p data-start=\"491\" data-end=\"549\">F\u00f6rderung der Entwicklungszusammenarbeit in Afrika sowie (Promotion de la coop\u00e9ration au d\u00e9veloppement en Afrique)<\/p>\n<\/li>\n<li data-start=\"550\" data-end=\"613\">\n<p data-start=\"552\" data-end=\"613\">F\u00f6rderung von Bildung, Berufsausbildung und Studentenhilfe (Promotion de la formation, de la formation professionnelle et de l'aide aux \u00e9tudiants).<\/p>\n<\/li>\n<\/ul>\n<p data-start=\"615\" data-end=\"824\">Ces mesures sont mises en \u0153uvre dans le cadre de projets de formation et d'int\u00e9gration, d'aide aux femmes touch\u00e9es par la pauvret\u00e9, de conseils et de projets de coop\u00e9ration au d\u00e9veloppement dans les pays b\u00e9n\u00e9ficiaires de l'aide publique au d\u00e9veloppement.<\/p>\n<p data-start=\"417\" data-end=\"476\">\ud83d\udc49 <a class=\"decorated-link cursor-pointer\" href=\"https:\/\/impactcirclegermany.eu\/fr\/initiatives\/\" target=\"_blank\" rel=\"noopener\" data-start=\"420\" data-end=\"474\">En savoir plus sur nos programmes et nos objectifs\u00a0<\/a><\/p>\n<\/div>\n<h2 data-start=\"3546\" data-end=\"3588\"><strong data-start=\"3549\" data-end=\"3586\">3. Mesures relatives \u00e0 l'\u00e9tablissement de l'\u00e9tat des lieux<\/strong><\/h2>\n<p data-start=\"3589\" data-end=\"3742\">Impact Circle Germany e.V. ist durch das Finanzamt Berlin gem\u00e4\u00df \u00a7\u00a7 51 ff. AO <strong data-start=\"3666\" data-end=\"3696\">en tant qu'\u00e9l\u00e9ment essentiel du syst\u00e8me<\/strong>. Les d\u00e9penses de l'ICGE sont tout \u00e0 fait absentes.<\/p>\n<hr data-start=\"3744\" data-end=\"3747\" \/>\n<h2 data-start=\"3749\" data-end=\"3792\"><strong data-start=\"3752\" data-end=\"3790\">4. Entscheidungstr\u00e4ger Wesentliche<\/strong><\/h2>\n<p data-start=\"3795\" data-end=\"3810\"><strong data-start=\"3795\" data-end=\"3808\">Vorstand :<\/strong><\/p>\n<ul>\n<li data-start=\"3816\" data-end=\"3850\">Albert Same Ekang - Vorsitzender<\/li>\n<li data-start=\"3856\" data-end=\"3896\">Bekumba, Moleka Emmanuel - Stellvertretender Vorsitzender :<\/li>\n<li data-start=\"3856\" data-end=\"3896\">Paschaline Somah, Jingtum -Finanzsekret\u00e4rin<\/li>\n<li data-start=\"3856\" data-end=\"3896\">Karanja, Jackline Muthoni - Sekret\u00e4rin<\/li>\n<\/ul>\n<hr data-start=\"3898\" data-end=\"3901\" \/>\n<h2 data-start=\"3903\" data-end=\"3932\"><strong data-start=\"3906\" data-end=\"3930\">5. T\u00e4tigkeitsbericht<\/strong><\/h2>\n<p data-start=\"3933\" data-end=\"3955\">Unsere Schwerpunkte :<\/p>\n<ul data-start=\"3956\" data-end=\"4095\">\n<li data-start=\"3956\" data-end=\"4019\">\n<p data-start=\"3958\" data-end=\"4019\">L'emploi des femmes et des jeunes dans les r\u00e9gions rurales<\/p>\n<\/li>\n<li data-start=\"4020\" data-end=\"4053\">\n<p data-start=\"4022\" data-end=\"4053\">Formation \u00e0 l'environnement et \u00e0 la protection du climat<\/p>\n<\/li>\n<li data-start=\"4054\" data-end=\"4095\">\n<p data-start=\"4056\" data-end=\"4095\">Initiatives en faveur de la migration et de la diaspora<\/p>\n<\/li>\n<\/ul>\n<p data-start=\"4097\" data-end=\"4137\">[Lien vers le rapport annuel].<a href=\"https:\/\/impactcirclegermany.eu\/fr\/annual-reports\/\" target=\"_blank\" rel=\"noopener\">Rapports annuels<\/a><\/p>\n<hr data-start=\"4139\" data-end=\"4142\" \/>\n<h2 data-start=\"4144\" data-end=\"4172\"><strong data-start=\"4147\" data-end=\"4170\">6. Construction personnelle<\/strong><\/h2>\n<ul>\n<li data-start=\"145\" data-end=\"200\">\n<p data-start=\"147\" data-end=\"200\"><strong data-start=\"147\" data-end=\"160\">Vorstand :<\/strong> ehrenamtlich und unentgeltlich t\u00e4tig.<\/p>\n<\/li>\n<li data-start=\"201\" data-end=\"393\">\n<p data-start=\"203\" data-end=\"393\"><strong data-start=\"203\" data-end=\"225\">Mitarbeiter:innen :<\/strong> Derzeit keine Angestellten. Les membres de l'association doivent \u00eatre soutenus par le pr\u00e9sident sur une base volontaire. Une nouvelle pr\u00e9sentation des candidats est pr\u00e9vue.<\/p>\n<\/li>\n<li data-start=\"394\" data-end=\"601\">\n<p data-start=\"396\" data-end=\"601\"><strong data-start=\"396\" data-end=\"412\">Freiwillige :<\/strong> Les 7 membres du groupe soutiennent l'association en permanence. En outre, des b\u00e9n\u00e9voles de l'Inde et de l'Ouganda s'engagent dans le domaine de la conception de sites web et de la gestion des m\u00e9dias sociaux.<\/p>\n<\/li>\n<\/ul>\n<p data-start=\"313\" data-end=\"380\">Vous trouverez ici nos comptes-rendus d'activit\u00e9 :<\/p>\n<ul data-start=\"381\" data-end=\"480\">\n<li data-start=\"381\" data-end=\"430\">\n<p data-start=\"383\" data-end=\"430\"><a class=\"decorated-link cursor-pointer\" href=\"https:\/\/impactcirclegermany.eu\/fr\/annual-reports\/\" target=\"_blank\" rel=\"noopener\" data-start=\"383\" data-end=\"428\">T\u00e4tigkeitsbericht 2023 (PDF)<\/a><\/p>\n<\/li>\n<li data-start=\"431\" data-end=\"480\">\n<p data-start=\"433\" data-end=\"480\"><a class=\"decorated-link cursor-pointer\" href=\"https:\/\/impactcirclegermany.eu\/fr\/annual-reports\/\" target=\"_blank\" rel=\"noopener\" data-start=\"433\" data-end=\"478\">T\u00e4tigkeitsbericht 2024 (PDF)<\/a><\/p>\n<\/li>\n<\/ul>\n<hr data-start=\"4358\" data-end=\"4361\" \/>\n<h2 data-start=\"4363\" data-end=\"4394\"><strong data-start=\"4366\" data-end=\"4392\">7. L'h\u00e9ritage des peuples<\/strong><\/h2>\n<p data-start=\"4395\" data-end=\"4431\">Notre financement est assur\u00e9 par :<\/p>\n<ul data-start=\"4432\" data-end=\"4559\">\n<li data-start=\"4432\" data-end=\"4453\">\n<p data-start=\"4434\" data-end=\"4453\">Commentaires des membres<\/p>\n<\/li>\n<li data-start=\"4454\" data-end=\"4502\">\n<p data-start=\"4456\" data-end=\"4502\">D\u00e9penses des particuliers et des institutions<\/p>\n<\/li>\n<li data-start=\"4503\" data-end=\"4559\">\n<p data-start=\"4505\" data-end=\"4559\">Fonds de soutien des fondations et des \u00e9tablissements publics<\/p>\n<\/li>\n<\/ul>\n<p data-start=\"4561\" data-end=\"4608\">Lien vers l'anniversaire de Jahres <a href=\"https:\/\/impactcirclegermany.eu\/fr\/annual-reports\/\" target=\"_blank\" rel=\"noopener\">Rapports annuels<\/a><\/p>\n<hr data-start=\"4610\" data-end=\"4613\" \/>\n<h2 data-start=\"4615\" data-end=\"4648\"><strong data-start=\"4618\" data-end=\"4646\">8. Utilisation des moyens<\/strong><\/h2>\n<p data-start=\"4649\" data-end=\"4687\">Nos outils sont con\u00e7us pour :<\/p>\n<ul data-start=\"4688\" data-end=\"4833\">\n<li data-start=\"4688\" data-end=\"4735\">\n<p data-start=\"4690\" data-end=\"4735\">La mise en place de projets en Allemagne et au Cameroun<\/p>\n<\/li>\n<li data-start=\"4736\" data-end=\"4778\">\n<p data-start=\"4738\" data-end=\"4778\">Sensibilisation et plaidoyer<\/p>\n<\/li>\n<li data-start=\"4779\" data-end=\"4833\">\n<p data-start=\"4781\" data-end=\"4833\">Missions d'administration (sous 10 % des Gesamtbudgets)<\/p>\n<\/li>\n<\/ul>\n<p data-start=\"4835\" data-end=\"4879\">Link zum Jahresabschluss \/ Finanzbericht\u00a0<a href=\"https:\/\/impactcirclegermany.eu\/fr\/annual-reports\/\" target=\"_blank\" rel=\"noopener\">Rapports annuels<\/a><\/p>\n<hr data-start=\"4881\" data-end=\"4884\" \/>\n<h2 data-start=\"4886\" data-end=\"4947\"><strong data-start=\"4889\" data-end=\"4945\">9. La responsabilit\u00e9 sociale des entreprises avec les pays tiers<\/strong><\/h2>\n<p data-start=\"4948\" data-end=\"5171\">ICGE ist <strong data-start=\"4957\" data-end=\"4990\">unabh\u00e4ngig und \u00fcberparteilich<\/strong>. Nous n'avons pas de relations contractuelles avec des entreprises. Les coop\u00e9rations avec des partenaires ext\u00e9rieurs se d\u00e9roulent sur la base de la transparence et de la responsabilit\u00e9.<\/p>\n<hr data-start=\"5173\" data-end=\"5176\" \/>\n<h2 data-start=\"5178\" data-end=\"5284\"><strong data-start=\"5181\" data-end=\"5282\">10. Namen von Personen, deren j\u00e4hrliche Zahlungen mehr als 10 % des Gesamtjahresbudgets ausmachen<\/strong><\/h2>\n<p data-start=\"5285\" data-end=\"5442\">Le temps presse <strong data-start=\"5299\" data-end=\"5339\">Pas plus de 10 % pour un seul d\u00e9pensier<\/strong> unseres Jahresbudgets bei.<br data-start=\"5366\" data-end=\"5369\" \/><em data-start=\"5369\" data-end=\"5440\">(Sollte sich dies \u00e4ndern, werden Namen und Betr\u00e4ge hier offengelegt.)<\/em><\/p>\t\t\t\t\t\t\t\t<\/div>\n\t\t\t\t\t<\/div>\n\t\t\t\t<\/div>\n\t\t<div class=\"elementor-element elementor-element-faf39b3 e-flex e-con-boxed e-con e-parent\" data-id=\"faf39b3\" data-element_type=\"container\" data-e-type=\"container\">\n\t\t\t\t\t<div class=\"e-con-inner\">\n\t\t<div class=\"elementor-element elementor-element-8b9221e e-con-full e-flex e-con e-child\" data-id=\"8b9221e\" data-element_type=\"container\" data-e-type=\"container\">\n\t\t\t\t<div class=\"elementor-element elementor-element-18e1709 elementor-widget-divider--view-line elementor-widget elementor-widget-divider\" data-id=\"18e1709\" data-element_type=\"widget\" data-e-type=\"widget\" data-widget_type=\"divider.default\">\n\t\t\t\t\t\t\t<div class=\"elementor-divider\">\n\t\t\t<span class=\"elementor-divider-separator\">\n\t\t\t\t\t\t<\/span>\n\t\t<\/div>\n\t\t\t\t\t\t<\/div>\n\t\t\t\t<div class=\"elementor-element elementor-element-a71a7df elementor-widget elementor-widget-text-editor\" data-id=\"a71a7df\" data-element_type=\"widget\" data-e-type=\"widget\" data-widget_type=\"text-editor.default\">\n\t\t\t\t\t\t\t\t\t<h2 class=\"h3\">Vous souhaitez en savoir plus sur l'initiative pour une soci\u00e9t\u00e9 civile transparente ?<\/h2>\n<div>&nbsp;Cliquez ici pour obtenir de plus amples informations sur les porteurs et les b\u00e9n\u00e9ficiaires de l'initiative et sur la mani\u00e8re dont vous pouvez vous y associer.<\/div>\n<p><\/p>\n<p><\/p>\t\t\t\t\t\t\t\t<\/div>\n\t\t\t\t<div class=\"elementor-element elementor-element-13bfa36 elementor-widget elementor-widget-button\" data-id=\"13bfa36\" data-element_type=\"widget\" data-e-type=\"widget\" data-widget_type=\"button.default\">\n\t\t\t\t\t\t\t\t\t\t<a class=\"elementor-button elementor-button-link elementor-size-sm\" href=\"https:\/\/www.transparente-zivilgesellschaft.de\/\" target=\"_blank\">\n\t\t\t\t\t\t<span class=\"elementor-button-content-wrapper\">\n\t\t\t\t\t\t\t\t\t<span class=\"elementor-button-text\">Cliquez ici<\/span>\n\t\t\t\t\t<\/span>\n\t\t\t\t\t<\/a>\n\t\t\t\t\t\t\t\t<\/div>\n\t\t\t\t<\/div>\n\t\t\t\t\t<\/div>\n\t\t\t\t<\/div>\n\t\t\t\t<\/div>","protected":false},"excerpt":{"rendered":"<p>Informationen \u00fcber Transparency Deutschland entsprechend der Selbstverpflichtung der Initiative Transparente Zivilgesellschaft 1. Name, Sitz, Anschrift und Gr\u00fcndungsjahr Name: Impact Circle Germany e.V. Sitz: Berlin, Deutschland Anschrift: Trabener Stra\u00dfe 73a, 14193, Berlin Gr\u00fcndungsjahr: 2023 Registereintrag: Amtsgericht Berlin-Charlottenburg, (VR 40521 B) \ud83d\udc49 Zu unserer Kontaktseite\u00a0 2. Satzung und Ziele Unsere vollst\u00e4ndige Satzung finden Sie hier\u00a0Policy Documents Ziele: [&hellip;]<\/p>","protected":false},"author":2,"featured_media":0,"parent":0,"menu_order":0,"comment_status":"closed","ping_status":"closed","template":"","meta":{"footnotes":""},"class_list":["post-756","page","type-page","status-publish","hentry"],"_links":{"self":[{"href":"https:\/\/impactcirclegermany.eu\/fr\/wp-json\/wp\/v2\/pages\/756","targetHints":{"allow":["GET"]}}],"collection":[{"href":"https:\/\/impactcirclegermany.eu\/fr\/wp-json\/wp\/v2\/pages"}],"about":[{"href":"https:\/\/impactcirclegermany.eu\/fr\/wp-json\/wp\/v2\/types\/page"}],"author":[{"embeddable":true,"href":"https:\/\/impactcirclegermany.eu\/fr\/wp-json\/wp\/v2\/users\/2"}],"replies":[{"embeddable":true,"href":"https:\/\/impactcirclegermany.eu\/fr\/wp-json\/wp\/v2\/comments?post=756"}],"version-history":[{"count":23,"href":"https:\/\/impactcirclegermany.eu\/fr\/wp-json\/wp\/v2\/pages\/756\/revisions"}],"predecessor-version":[{"id":789,"href":"https:\/\/impactcirclegermany.eu\/fr\/wp-json\/wp\/v2\/pages\/756\/revisions\/789"}],"wp:attachment":[{"href":"https:\/\/impactcirclegermany.eu\/fr\/wp-json\/wp\/v2\/media?parent=756"}],"curies":[{"name":"wp","href":"https:\/\/api.w.org\/{rel}","templated":true}]}}