{"id":863,"date":"2025-10-01T18:33:00","date_gmt":"2025-10-01T18:33:00","guid":{"rendered":"https:\/\/impactcirclegermany.eu\/?page_id=863"},"modified":"2025-11-29T00:26:10","modified_gmt":"2025-11-29T00:26:10","slug":"donate-it-equipment","status":"publish","type":"page","link":"https:\/\/impactcirclegermany.eu\/fr\/donate-it-equipment\/","title":{"rendered":"Don de mat\u00e9riel informatique"},"content":{"rendered":"<style>.elementor-863 .elementor-element.elementor-element-af8fed1{--display:flex;}.elementor-863 .elementor-element.elementor-element-286d437{--display:flex;--flex-direction:row;--container-widget-width:initial;--container-widget-height:100%;--container-widget-flex-grow:1;--container-widget-align-self:stretch;--flex-wrap-mobile:wrap;--gap:0px 0px;--row-gap:0px;--column-gap:0px;--flex-wrap:wrap;}.elementor-863 .elementor-element.elementor-element-d6622df{--display:flex;--flex-direction:column;--container-widget-width:100%;--container-widget-height:initial;--container-widget-flex-grow:0;--container-widget-align-self:initial;--flex-wrap-mobile:wrap;}.elementor-863 .elementor-element.elementor-element-aee208a{--display:flex;--flex-direction:column;--container-widget-width:100%;--container-widget-height:initial;--container-widget-flex-grow:0;--container-widget-align-self:initial;--flex-wrap-mobile:wrap;}.elementor-863 .elementor-element.elementor-element-8e0a15e{--display:flex;--flex-direction:column;--container-widget-width:100%;--container-widget-height:initial;--container-widget-flex-grow:0;--container-widget-align-self:initial;--flex-wrap-mobile:wrap;}@media(min-width:768px){.elementor-863 .elementor-element.elementor-element-d6622df{--width:50%;}.elementor-863 .elementor-element.elementor-element-aee208a{--width:50%;}.elementor-863 .elementor-element.elementor-element-8e0a15e{--width:100%;}}<\/style>\t\t<div data-elementor-type=\"wp-page\" data-elementor-id=\"863\" class=\"elementor elementor-863\" data-elementor-post-type=\"page\">\n\t\t\t\t<div class=\"elementor-element elementor-element-af8fed1 e-flex e-con-boxed e-con e-parent\" data-id=\"af8fed1\" data-element_type=\"container\" data-e-type=\"container\">\n\t\t\t\t\t<div class=\"e-con-inner\">\n\t\t\t\t<div class=\"elementor-element elementor-element-d1977a1 elementor-widget elementor-widget-text-editor\" data-id=\"d1977a1\" data-element_type=\"widget\" data-e-type=\"widget\" data-widget_type=\"text-editor.default\">\n\t\t\t\t\t\t\t\t\t<p data-start=\"257\" data-end=\"320\">Transformez vos anciens appareils en opportunit\u00e9s pour toute la vie<\/p><p data-start=\"322\" data-end=\"578\">Impact Circle Germany e.V. lance une campagne de sensibilisation. <strong data-start=\"376\" data-end=\"406\">\"Faites don de votre mat\u00e9riel informatique<\/strong> pour collecter des ordinateurs, des portables, des tablettes, des projecteurs, des vid\u00e9oprojecteurs, des syst\u00e8mes audio, des cl\u00e9s USB et des accessoires ici en Allemagne - et les envoyer \u00e0 des projets au Cameroun.<\/p><p data-start=\"580\" data-end=\"616\">Les appareils que vous avez donn\u00e9s seront pris en charge :<\/p><ul data-start=\"617\" data-end=\"760\"><li data-start=\"617\" data-end=\"667\"><p data-start=\"619\" data-end=\"667\"><strong data-start=\"619\" data-end=\"643\">Projets \u00e9ducatifs<\/strong> pour les jeunes et les \u00e9coles<\/p><\/li><li data-start=\"668\" data-end=\"718\"><p data-start=\"670\" data-end=\"718\"><strong data-start=\"670\" data-end=\"701\">Centres de formation professionnelle<\/strong> pour les comp\u00e9tences en TIC<\/p><\/li><li data-start=\"719\" data-end=\"760\"><p data-start=\"721\" data-end=\"760\"><strong data-start=\"721\" data-end=\"758\">Initiatives de d\u00e9veloppement communautaire<\/strong><\/p><\/li><\/ul><p data-start=\"762\" data-end=\"783\"><strong data-start=\"762\" data-end=\"781\">Ce que nous acceptons :<\/strong><\/p><ul data-start=\"784\" data-end=\"986\"><li data-start=\"784\" data-end=\"831\"><p data-start=\"786\" data-end=\"831\">Ordinateurs et portables (en \u00e9tat de marche ou r\u00e9parables)<\/p><\/li><li data-start=\"832\" data-end=\"843\"><p data-start=\"834\" data-end=\"843\">Tablettes<\/p><\/li><li data-start=\"844\" data-end=\"856\"><p data-start=\"846\" data-end=\"856\">Moniteurs<\/p><\/li><li data-start=\"857\" data-end=\"877\"><p data-start=\"859\" data-end=\"877\">Claviers et souris<\/p><\/li><li data-start=\"878\" data-end=\"903\"><p data-start=\"880\" data-end=\"903\">D\u00e9fonceuses et accessoires<\/p><\/li><li data-start=\"904\" data-end=\"928\"><p data-start=\"906\" data-end=\"928\">Projecteurs et vid\u00e9oprojecteurs<\/p><\/li><li data-start=\"929\" data-end=\"946\"><p data-start=\"931\" data-end=\"946\">Syst\u00e8mes de sonorisation<\/p><\/li><li data-start=\"947\" data-end=\"961\"><p data-start=\"949\" data-end=\"961\">Cl\u00e9s USB<\/p><\/li><li data-start=\"962\" data-end=\"986\"><p data-start=\"964\" data-end=\"986\">Autres accessoires informatiques<\/p><\/li><\/ul><p data-start=\"988\" data-end=\"1008\"><strong data-start=\"988\" data-end=\"1006\">Comment faire un don :<\/strong><\/p><ol data-start=\"1009\" data-end=\"1162\"><li data-start=\"1009\" data-end=\"1048\"><p data-start=\"1012\" data-end=\"1048\">Contactez-nous \u00e0 l'adresse suivante : info@impactcirclegermany.eu\u00a0<\/p><\/li><li data-start=\"1049\" data-end=\"1083\"><p data-start=\"1052\" data-end=\"1083\">Organiser un d\u00e9p\u00f4t ou une prise en charge<\/p><\/li><li data-start=\"1084\" data-end=\"1162\"><p data-start=\"1087\" data-end=\"1162\">Votre appareil est remis \u00e0 neuf ou d\u00e9ploy\u00e9 directement dans des projets au Cameroun.<\/p><\/li><\/ol><p data-start=\"1164\" data-end=\"1353\"><strong data-start=\"1164\" data-end=\"1183\">Pourquoi c'est important :<\/strong><br data-start=\"1183\" data-end=\"1186\" \/>L'acc\u00e8s \u00e0 la technologie transforme des vies. Chaque appareil que vous donnez contribue \u00e0 combler le foss\u00e9 num\u00e9rique, en cr\u00e9ant des opportunit\u00e9s d'\u00e9ducation et d'emploi pour les communaut\u00e9s d\u00e9favoris\u00e9es.<\/p><p data-start=\"1355\" data-end=\"1410\"><img decoding=\"async\" class=\"emoji\" role=\"img\" draggable=\"false\" src=\"https:\/\/s.w.org\/images\/core\/emoji\/16.0.1\/svg\/1f4e9.svg\" alt=\"\ud83d\udce9\" \/> <strong data-start=\"1358\" data-end=\"1408\">Rejoignez-nous pour faire la diff\u00e9rence - faites un don aujourd'hui !\u00a0<\/strong><\/p><p data-start=\"1355\" data-end=\"1410\"><strong data-start=\"1358\" data-end=\"1408\">\u00a0<\/strong><\/p>\t\t\t\t\t\t\t\t<\/div>\n\t\t\t\t<div class=\"elementor-element elementor-element-f302357 elementor-widget elementor-widget-image\" data-id=\"f302357\" data-element_type=\"widget\" data-e-type=\"widget\" data-widget_type=\"image.default\">\n\t\t\t\t\t\t\t\t\t\t\t\t\t\t\t<img fetchpriority=\"high\" decoding=\"async\" width=\"800\" height=\"534\" src=\"https:\/\/impactcirclegermany.eu\/wp-content\/uploads\/2025\/10\/TECH-4-CHANGE-1024x683.webp\" class=\"attachment-large size-large wp-image-865\" alt=\"TECH 4 CHANGE\" srcset=\"https:\/\/impactcirclegermany.eu\/wp-content\/uploads\/2025\/10\/TECH-4-CHANGE-1024x683.webp 1024w, https:\/\/impactcirclegermany.eu\/wp-content\/uploads\/2025\/10\/TECH-4-CHANGE-300x200.webp 300w, https:\/\/impactcirclegermany.eu\/wp-content\/uploads\/2025\/10\/TECH-4-CHANGE-768x512.webp 768w, https:\/\/impactcirclegermany.eu\/wp-content\/uploads\/2025\/10\/TECH-4-CHANGE-18x12.webp 18w, https:\/\/impactcirclegermany.eu\/wp-content\/uploads\/2025\/10\/TECH-4-CHANGE.webp 1536w\" sizes=\"(max-width: 800px) 100vw, 800px\" \/>\t\t\t\t\t\t\t\t\t\t\t\t\t\t\t<\/div>\n\t\t\t\t\t<\/div>\n\t\t\t\t<\/div>\n\t\t<div class=\"elementor-element elementor-element-286d437 e-flex e-con-boxed e-con e-parent\" data-id=\"286d437\" data-element_type=\"container\" data-e-type=\"container\">\n\t\t\t\t\t<div class=\"e-con-inner\">\n\t\t<div class=\"elementor-element elementor-element-d6622df e-con-full e-flex e-con e-child\" data-id=\"d6622df\" data-element_type=\"container\" data-e-type=\"container\">\n\t\t\t\t<div class=\"elementor-element elementor-element-44521d0 elementor-widget elementor-widget-image\" data-id=\"44521d0\" data-element_type=\"widget\" data-e-type=\"widget\" data-widget_type=\"image.default\">\n\t\t\t\t\t\t\t\t\t\t\t\t\t\t\t<img decoding=\"async\" width=\"800\" height=\"800\" src=\"https:\/\/impactcirclegermany.eu\/wp-content\/uploads\/2025\/11\/XMG-Laptop-1024x1024.jpeg\" class=\"attachment-large size-large wp-image-961\" alt=\"\" srcset=\"https:\/\/impactcirclegermany.eu\/wp-content\/uploads\/2025\/11\/XMG-Laptop-1024x1024.jpeg 1024w, https:\/\/impactcirclegermany.eu\/wp-content\/uploads\/2025\/11\/XMG-Laptop-300x300.jpeg 300w, https:\/\/impactcirclegermany.eu\/wp-content\/uploads\/2025\/11\/XMG-Laptop-150x150.jpeg 150w, https:\/\/impactcirclegermany.eu\/wp-content\/uploads\/2025\/11\/XMG-Laptop-768x768.jpeg 768w, https:\/\/impactcirclegermany.eu\/wp-content\/uploads\/2025\/11\/XMG-Laptop-1536x1536.jpeg 1536w, https:\/\/impactcirclegermany.eu\/wp-content\/uploads\/2025\/11\/XMG-Laptop-12x12.jpeg 12w, https:\/\/impactcirclegermany.eu\/wp-content\/uploads\/2025\/11\/XMG-Laptop.jpeg 1728w\" sizes=\"(max-width: 800px) 100vw, 800px\" \/>\t\t\t\t\t\t\t\t\t\t\t\t\t\t\t<\/div>\n\t\t\t\t<\/div>\n\t\t<div class=\"elementor-element elementor-element-aee208a e-con-full e-flex e-con e-child\" data-id=\"aee208a\" data-element_type=\"container\" data-e-type=\"container\">\n\t\t\t\t<div class=\"elementor-element elementor-element-46b8860 elementor-widget elementor-widget-image\" data-id=\"46b8860\" data-element_type=\"widget\" data-e-type=\"widget\" data-widget_type=\"image.default\">\n\t\t\t\t\t\t\t\t\t\t\t\t\t\t\t<img decoding=\"async\" width=\"800\" height=\"800\" src=\"https:\/\/impactcirclegermany.eu\/wp-content\/uploads\/2025\/11\/Lenovo-Laptop-1024x1024.jpeg\" class=\"attachment-large size-large wp-image-960\" alt=\"\" srcset=\"https:\/\/impactcirclegermany.eu\/wp-content\/uploads\/2025\/11\/Lenovo-Laptop-1024x1024.jpeg 1024w, https:\/\/impactcirclegermany.eu\/wp-content\/uploads\/2025\/11\/Lenovo-Laptop-300x300.jpeg 300w, https:\/\/impactcirclegermany.eu\/wp-content\/uploads\/2025\/11\/Lenovo-Laptop-150x150.jpeg 150w, https:\/\/impactcirclegermany.eu\/wp-content\/uploads\/2025\/11\/Lenovo-Laptop-768x768.jpeg 768w, https:\/\/impactcirclegermany.eu\/wp-content\/uploads\/2025\/11\/Lenovo-Laptop-1536x1536.jpeg 1536w, https:\/\/impactcirclegermany.eu\/wp-content\/uploads\/2025\/11\/Lenovo-Laptop-12x12.jpeg 12w, https:\/\/impactcirclegermany.eu\/wp-content\/uploads\/2025\/11\/Lenovo-Laptop.jpeg 1728w\" sizes=\"(max-width: 800px) 100vw, 800px\" \/>\t\t\t\t\t\t\t\t\t\t\t\t\t\t\t<\/div>\n\t\t\t\t<\/div>\n\t\t<div class=\"elementor-element elementor-element-8e0a15e e-con-full e-flex e-con e-child\" data-id=\"8e0a15e\" data-element_type=\"container\" data-e-type=\"container\">\n\t\t\t\t<div class=\"elementor-element elementor-element-f8f5cd2 elementor-widget elementor-widget-text-editor\" data-id=\"f8f5cd2\" data-element_type=\"widget\" data-e-type=\"widget\" data-widget_type=\"text-editor.default\">\n\t\t\t\t\t\t\t\t\t<p>Nous avons le plaisir de partager une mise \u00e0 jour significative de notre initiative \"Tech for Change\". Cette semaine, Impact Circle Germany e.V. a re\u00e7u un don g\u00e9n\u00e9reux de deux ordinateurs portables de la part d'un sympathisant en Allemagne.<\/p><p>Ces appareils seront enti\u00e8rement pr\u00e9par\u00e9s, mis \u00e0 jour et \u00e9quip\u00e9s de logiciels \u00e9ducatifs et de formation aux TIC avant d'\u00eatre transport\u00e9s au Cameroun. Une fois sur place, ils soutiendront l'apprentissage num\u00e9rique, la formation communautaire et les activit\u00e9s de renforcement des capacit\u00e9s au sein de nos communaut\u00e9s partenaires.<\/p><p>Nous croyons fermement \u00e0 la transparence et \u00e0 la responsabilit\u00e9. Le partage de ces \u00e9tapes permet \u00e0 nos partisans et \u00e0 nos partenaires de suivre l'\u00e9volution de cette initiative et de constater l'impact direct de chaque contribution.<\/p><p>Nous remercions chaleureusement le donateur de nous avoir permis de franchir une nouvelle \u00e9tape dans la r\u00e9duction de la fracture num\u00e9rique. Si vous souhaitez soutenir cet effort en faisant don de mat\u00e9riel informatique tel que des ordinateurs portables, des projecteurs, des tablettes, des vid\u00e9oprojecteurs, des syst\u00e8mes audio, des cl\u00e9s USB ou des accessoires, n'h\u00e9sitez pas \u00e0 nous contacter.<\/p><p>Ensemble, nous rendons la technologie accessible et cr\u00e9ons de nouvelles opportunit\u00e9s pour les apprenants au Cameroun.<\/p>\t\t\t\t\t\t\t\t<\/div>\n\t\t\t\t<\/div>\n\t\t\t\t\t<\/div>\n\t\t\t\t<\/div>\n\t\t\t\t<\/div>","protected":false},"excerpt":{"rendered":"<p>Turn Your Old Devices into Lifelong Opportunities Impact Circle Germany e.V. is launching a \u201cDonate Your IT Equipment\u201d campaign to collect computers, laptops, tablets, projectors, beamers, sound systems, USB drives, and accessories here in Germany \u2014 and send them to projects in Cameroon. Your donated devices will support: Educational projects for youth and schools Vocational [&hellip;]<\/p>","protected":false},"author":2,"featured_media":0,"parent":0,"menu_order":0,"comment_status":"closed","ping_status":"closed","template":"","meta":{"footnotes":""},"class_list":["post-863","page","type-page","status-publish","hentry"],"_links":{"self":[{"href":"https:\/\/impactcirclegermany.eu\/fr\/wp-json\/wp\/v2\/pages\/863","targetHints":{"allow":["GET"]}}],"collection":[{"href":"https:\/\/impactcirclegermany.eu\/fr\/wp-json\/wp\/v2\/pages"}],"about":[{"href":"https:\/\/impactcirclegermany.eu\/fr\/wp-json\/wp\/v2\/types\/page"}],"author":[{"embeddable":true,"href":"https:\/\/impactcirclegermany.eu\/fr\/wp-json\/wp\/v2\/users\/2"}],"replies":[{"embeddable":true,"href":"https:\/\/impactcirclegermany.eu\/fr\/wp-json\/wp\/v2\/comments?post=863"}],"version-history":[{"count":11,"href":"https:\/\/impactcirclegermany.eu\/fr\/wp-json\/wp\/v2\/pages\/863\/revisions"}],"predecessor-version":[{"id":984,"href":"https:\/\/impactcirclegermany.eu\/fr\/wp-json\/wp\/v2\/pages\/863\/revisions\/984"}],"wp:attachment":[{"href":"https:\/\/impactcirclegermany.eu\/fr\/wp-json\/wp\/v2\/media?parent=863"}],"curies":[{"name":"wp","href":"https:\/\/api.w.org\/{rel}","templated":true}]}}