{"id":993,"date":"2026-01-05T16:43:54","date_gmt":"2026-01-05T16:43:54","guid":{"rendered":"https:\/\/impactcirclegermany.eu\/?page_id=993"},"modified":"2026-01-24T19:37:31","modified_gmt":"2026-01-24T19:37:31","slug":"children-empowerment","status":"publish","type":"page","link":"https:\/\/impactcirclegermany.eu\/fr\/children-empowerment\/","title":{"rendered":"Autonomisation des enfants"},"content":{"rendered":"<style>.elementor-993 .elementor-element.elementor-element-2bcd381{--display:flex;--flex-direction:column;--container-widget-width:100%;--container-widget-height:initial;--container-widget-flex-grow:0;--container-widget-align-self:initial;--flex-wrap-mobile:wrap;}.elementor-993 .elementor-element.elementor-element-6a7b704{--display:flex;}.elementor-993 .elementor-element.elementor-element-75a4412{text-align:justify;}.elementor-993 .elementor-element.elementor-element-70b9d8a .gallery-item .gallery-caption{text-align:center;}.elementor-993 .elementor-element.elementor-element-b39c745{--display:flex;--flex-direction:column;--container-widget-width:100%;--container-widget-height:initial;--container-widget-flex-grow:0;--container-widget-align-self:initial;--flex-wrap-mobile:wrap;}.elementor-993 .elementor-element.elementor-element-1df803c{--display:flex;}.elementor-993 .elementor-element.elementor-element-9ef49f6{--display:flex;--flex-direction:column;--container-widget-width:100%;--container-widget-height:initial;--container-widget-flex-grow:0;--container-widget-align-self:initial;--flex-wrap-mobile:wrap;}<\/style>\t\t<div data-elementor-type=\"wp-page\" data-elementor-id=\"993\" class=\"elementor elementor-993\" data-elementor-post-type=\"page\">\n\t\t\t\t<div class=\"elementor-element elementor-element-2bcd381 e-flex e-con-boxed e-con e-parent\" data-id=\"2bcd381\" data-element_type=\"container\" data-e-type=\"container\">\n\t\t\t\t\t<div class=\"e-con-inner\">\n\t\t<div class=\"elementor-element elementor-element-6a7b704 e-con-full e-flex e-con e-child\" data-id=\"6a7b704\" data-element_type=\"container\" data-e-type=\"container\">\n\t\t\t\t<div class=\"elementor-element elementor-element-75a4412 elementor-widget elementor-widget-text-editor\" data-id=\"75a4412\" data-element_type=\"widget\" data-e-type=\"widget\" data-widget_type=\"text-editor.default\">\n\t\t\t\t\t\t\t\t\t<h2 data-start=\"423\" data-end=\"496\">Education in Crisis: Supporting Displaced Children in Melong, Cameroon<\/h2><h3 data-start=\"498\" data-end=\"520\">Programme Overview<\/h3><p data-start=\"522\" data-end=\"902\"><strong data-start=\"522\" data-end=\"552\">Impact Circle Germany e.V.<\/strong> is supporting conflict-affected children and families in Cameroon through an education programme implemented in partnership with <strong data-start=\"682\" data-end=\"717\">Impact Circle for Nature (ICFN)<\/strong>. The programme responds to the urgent educational needs of <strong data-start=\"777\" data-end=\"810\">internally displaced children<\/strong> who have fled the ongoing <strong data-start=\"837\" data-end=\"858\">Anglophone Crisis<\/strong> in Cameroon\u2019s two English-speaking regions.<\/p><p data-start=\"904\" data-end=\"1179\">Thousands of families have been forced to leave their homes due to violence, school shutdowns and insecurity. Many have resettled in French-speaking regions of the country, including <strong data-start=\"1087\" data-end=\"1097\">Melong<\/strong>, where access to safe, inclusive and quality education remains extremely limited.<\/p><hr data-start=\"1181\" data-end=\"1184\" \/><h3 data-start=\"1186\" data-end=\"1230\">Context: Education Disrupted by Conflict<\/h3><p data-start=\"1232\" data-end=\"1368\">Since the outbreak of the Anglophone Crisis, schools in affected regions have been repeatedly attacked, occupied or closed. As a result:<\/p><ul data-start=\"1370\" data-end=\"1652\"><li data-start=\"1370\" data-end=\"1411\"><p data-start=\"1372\" data-end=\"1411\">Children have lost years of schooling<\/p><\/li><li data-start=\"1412\" data-end=\"1459\"><p data-start=\"1414\" data-end=\"1459\">Families have been displaced multiple times<\/p><\/li><li data-start=\"1460\" data-end=\"1516\"><p data-start=\"1462\" data-end=\"1516\">Overcrowded host-community schools are overstretched<\/p><\/li><li data-start=\"1517\" data-end=\"1591\"><p data-start=\"1519\" data-end=\"1591\">Many children are learning in unsafe, temporary or informal conditions<\/p><\/li><li data-start=\"1592\" data-end=\"1652\"><p data-start=\"1594\" data-end=\"1652\">Trauma, poverty and instability affect learning outcomes<\/p><\/li><\/ul><p data-start=\"1654\" data-end=\"1826\">In Melong, displaced children often share cramped classrooms or study in makeshift structures without adequate learning materials, trained teachers or psychosocial support.<\/p><hr data-start=\"1828\" data-end=\"1831\" \/><h3 data-start=\"1833\" data-end=\"1912\">The Project: Melong Integrated Bilingual Nursery &amp; Primary School (MINBIPS)<\/h3><p data-start=\"1914\" data-end=\"2137\">To respond to this crisis, <strong data-start=\"1941\" data-end=\"1971\">Impact Circle Germany e.V.<\/strong>, in close collaboration with <strong data-start=\"2001\" data-end=\"2029\">Impact Circle for Nature<\/strong>, is supporting the establishment of the <strong data-start=\"2070\" data-end=\"2136\">\u00c9cole maternelle et primaire bilingue int\u00e9gr\u00e9e de Melong (MINBIPS)<\/strong>.<\/p><p data-start=\"2139\" data-end=\"2167\">The project aims to provide:<\/p><ul data-start=\"2168\" data-end=\"2464\"><li data-start=\"2168\" data-end=\"2248\"><p data-start=\"2170\" data-end=\"2248\">Safe and inclusive learning spaces for displaced and host-community children<\/p><\/li><li data-start=\"2249\" data-end=\"2331\"><p data-start=\"2251\" data-end=\"2331\">Bilingual education (English and French) to support integration and continuity<\/p><\/li><li data-start=\"2332\" data-end=\"2400\"><p data-start=\"2334\" data-end=\"2400\">Access to quality teaching, learning materials and digital tools<\/p><\/li><li data-start=\"2401\" data-end=\"2464\"><p data-start=\"2403\" data-end=\"2464\">A community-driven approach that involves parents and youth<\/p><\/li><\/ul><p data-start=\"2466\" data-end=\"2592\">The school will operate initially from a <strong data-start=\"2507\" data-end=\"2525\">site temporaire<\/strong> while construction of a <strong data-start=\"2550\" data-end=\"2579\">permanent school facility<\/strong> is underway.<\/p><hr data-start=\"2594\" data-end=\"2597\" \/><h3 data-start=\"2599\" data-end=\"2637\">Role of Impact Circle Germany e.V.<\/h3><p data-start=\"2639\" data-end=\"2739\">Impact Circle Germany e.V. plays a <strong data-start=\"2674\" data-end=\"2717\">strategic support and coordination role<\/strong> in this programme by:<\/p><ul data-start=\"2741\" data-end=\"3133\"><li data-start=\"2741\" data-end=\"2809\"><p data-start=\"2743\" data-end=\"2809\">Mobilising financial resources from donors in Germany and the EU<\/p><\/li><li data-start=\"2810\" data-end=\"2893\"><p data-start=\"2812\" data-end=\"2893\">Facilitating partnerships with institutions, foundations and private supporters<\/p><\/li><li data-start=\"2894\" data-end=\"2994\"><p data-start=\"2896\" data-end=\"2994\">Supporting the funding of temporary school infrastructure, learning materials and a computer lab<\/p><\/li><li data-start=\"2995\" data-end=\"3067\"><p data-start=\"2997\" data-end=\"3067\">Raising awareness on education in conflict and displacement contexts<\/p><\/li><li data-start=\"3068\" data-end=\"3133\"><p data-start=\"3070\" data-end=\"3133\">Ensuring transparency, accountability and donor communication<\/p><\/li><\/ul><p data-start=\"3135\" data-end=\"3280\">Through this role, Impact Circle Germany e.V. acts as a bridge between European supporters and community-led education initiatives on the ground.<\/p><hr data-start=\"3282\" data-end=\"3285\" \/><h3 data-start=\"3287\" data-end=\"3306\">Expected Impact<\/h3><p data-start=\"3308\" data-end=\"3331\">The programme seeks to:<\/p><ul data-start=\"3332\" data-end=\"3574\"><li data-start=\"3332\" data-end=\"3386\"><p data-start=\"3334\" data-end=\"3386\">Restore access to education for displaced children<\/p><\/li><li data-start=\"3387\" data-end=\"3445\"><p data-start=\"3389\" data-end=\"3445\">Improve learning conditions and psychosocial wellbeing<\/p><\/li><li data-start=\"3446\" data-end=\"3512\"><p data-start=\"3448\" data-end=\"3512\">Promote social cohesion between displaced and host communities<\/p><\/li><li data-start=\"3513\" data-end=\"3574\"><p data-start=\"3515\" data-end=\"3574\">Strengthen long-term, community-based education solutions<\/p><\/li><\/ul><hr data-start=\"3576\" data-end=\"3579\" \/><h3 data-start=\"3581\" data-end=\"3604\">How You Can Support<\/h3><p data-start=\"3606\" data-end=\"3640\">You can support this programme by:<\/p><ul data-start=\"3641\" data-end=\"3781\"><li data-start=\"3641\" data-end=\"3676\"><p data-start=\"3643\" data-end=\"3676\">Making a financial contribution<\/p><\/li><li data-start=\"3677\" data-end=\"3724\"><p data-start=\"3679\" data-end=\"3724\">Donating educational materials or equipment<\/p><\/li><li data-start=\"3725\" data-end=\"3781\"><p data-start=\"3727\" data-end=\"3781\">Partnering with us as an institution or organisation<\/p><\/li><\/ul><p data-start=\"3783\" data-end=\"3876\">\ud83d\udce9 <strong data-start=\"3786\" data-end=\"3798\">Contact:<\/strong> <a class=\"decorated-link cursor-pointer\" rel=\"noopener\" data-start=\"3799\" data-end=\"3826\">info@impactcirclegermany.eu<\/a><br data-start=\"3826\" data-end=\"3829\" \/>\ud83d\udc99 <strong data-start=\"3832\" data-end=\"3843\">Donate via Paypal: info@impactcirclegermany.eu <\/strong>\u00a0<\/p>\t\t\t\t\t\t\t\t<\/div>\n\t\t\t\t<div class=\"elementor-element elementor-element-c250fbb elementor-widget elementor-widget-image\" data-id=\"c250fbb\" data-element_type=\"widget\" data-e-type=\"widget\" data-widget_type=\"image.default\">\n\t\t\t\t\t\t\t\t\t\t\t\t\t\t\t<img fetchpriority=\"high\" decoding=\"async\" width=\"375\" height=\"246\" src=\"https:\/\/impactcirclegermany.eu\/wp-content\/uploads\/2026\/01\/Support-School-qrcode.png\" class=\"attachment-large size-large wp-image-1173\" alt=\"Support-School-qrcode\" srcset=\"https:\/\/impactcirclegermany.eu\/wp-content\/uploads\/2026\/01\/Support-School-qrcode.png 375w, https:\/\/impactcirclegermany.eu\/wp-content\/uploads\/2026\/01\/Support-School-qrcode-300x197.png 300w, https:\/\/impactcirclegermany.eu\/wp-content\/uploads\/2026\/01\/Support-School-qrcode-18x12.png 18w\" sizes=\"(max-width: 375px) 100vw, 375px\" \/>\t\t\t\t\t\t\t\t\t\t\t\t\t\t\t<\/div>\n\t\t\t\t<div class=\"elementor-element elementor-element-70b9d8a elementor-widget elementor-widget-image-gallery\" data-id=\"70b9d8a\" data-element_type=\"widget\" data-e-type=\"widget\" data-widget_type=\"image-gallery.default\">\n\t\t\t\t\t\t\t<div class=\"elementor-image-gallery\">\n\t\t\t<div id='gallery-1' class='gallery galleryid-993 gallery-columns-5 gallery-size-large'><figure class='gallery-item'>\n\t\t\t<div class='gallery-icon landscape'>\n\t\t\t\t<a data-elementor-open-lightbox=\"yes\" data-elementor-lightbox-slideshow=\"70b9d8a\" data-elementor-lightbox-title=\"11\" data-e-action-hash=\"#elementor-action%3Aaction%3Dlightbox%26settings%3DeyJpZCI6MTE1MSwidXJsIjoiaHR0cHM6XC9cL2ltcGFjdGNpcmNsZWdlcm1hbnkuZXVcL3dwLWNvbnRlbnRcL3VwbG9hZHNcLzIwMjZcLzAxXC8xMS5qcGVnIiwic2xpZGVzaG93IjoiNzBiOWQ4YSJ9\" href='https:\/\/impactcirclegermany.eu\/wp-content\/uploads\/2026\/01\/11.jpeg'><img decoding=\"async\" width=\"800\" height=\"602\" src=\"https:\/\/impactcirclegermany.eu\/wp-content\/uploads\/2026\/01\/11.jpeg\" class=\"attachment-large size-large\" alt=\"\" srcset=\"https:\/\/impactcirclegermany.eu\/wp-content\/uploads\/2026\/01\/11.jpeg 1020w, https:\/\/impactcirclegermany.eu\/wp-content\/uploads\/2026\/01\/11-300x226.jpeg 300w, https:\/\/impactcirclegermany.eu\/wp-content\/uploads\/2026\/01\/11-768x578.jpeg 768w, https:\/\/impactcirclegermany.eu\/wp-content\/uploads\/2026\/01\/11-16x12.jpeg 16w\" sizes=\"(max-width: 800px) 100vw, 800px\" \/><\/a>\n\t\t\t<\/div><\/figure><figure class='gallery-item'>\n\t\t\t<div class='gallery-icon landscape'>\n\t\t\t\t<a data-elementor-open-lightbox=\"yes\" data-elementor-lightbox-slideshow=\"70b9d8a\" data-elementor-lightbox-title=\"1\" data-e-action-hash=\"#elementor-action%3Aaction%3Dlightbox%26settings%3DeyJpZCI6MTEzOSwidXJsIjoiaHR0cHM6XC9cL2ltcGFjdGNpcmNsZWdlcm1hbnkuZXVcL3dwLWNvbnRlbnRcL3VwbG9hZHNcLzIwMjZcLzAxXC8xLmpwZWciLCJzbGlkZXNob3ciOiI3MGI5ZDhhIn0%3D\" href='https:\/\/impactcirclegermany.eu\/wp-content\/uploads\/2026\/01\/1.jpeg'><img decoding=\"async\" width=\"800\" height=\"602\" src=\"https:\/\/impactcirclegermany.eu\/wp-content\/uploads\/2026\/01\/1.jpeg\" class=\"attachment-large size-large\" alt=\"\" srcset=\"https:\/\/impactcirclegermany.eu\/wp-content\/uploads\/2026\/01\/1.jpeg 1020w, https:\/\/impactcirclegermany.eu\/wp-content\/uploads\/2026\/01\/1-300x226.jpeg 300w, https:\/\/impactcirclegermany.eu\/wp-content\/uploads\/2026\/01\/1-768x578.jpeg 768w, https:\/\/impactcirclegermany.eu\/wp-content\/uploads\/2026\/01\/1-16x12.jpeg 16w\" sizes=\"(max-width: 800px) 100vw, 800px\" \/><\/a>\n\t\t\t<\/div><\/figure><figure class='gallery-item'>\n\t\t\t<div class='gallery-icon landscape'>\n\t\t\t\t<a data-elementor-open-lightbox=\"yes\" data-elementor-lightbox-slideshow=\"70b9d8a\" data-elementor-lightbox-title=\"10\" data-e-action-hash=\"#elementor-action%3Aaction%3Dlightbox%26settings%3DeyJpZCI6MTA1NSwidXJsIjoiaHR0cHM6XC9cL2ltcGFjdGNpcmNsZWdlcm1hbnkuZXVcL3dwLWNvbnRlbnRcL3VwbG9hZHNcLzIwMjZcLzAxXC8xMC5qcGVnIiwic2xpZGVzaG93IjoiNzBiOWQ4YSJ9\" href='https:\/\/impactcirclegermany.eu\/wp-content\/uploads\/2026\/01\/10.jpeg'><img loading=\"lazy\" decoding=\"async\" width=\"800\" height=\"600\" src=\"https:\/\/impactcirclegermany.eu\/wp-content\/uploads\/2026\/01\/10.jpeg\" class=\"attachment-large size-large\" alt=\"\" srcset=\"https:\/\/impactcirclegermany.eu\/wp-content\/uploads\/2026\/01\/10.jpeg 1016w, https:\/\/impactcirclegermany.eu\/wp-content\/uploads\/2026\/01\/10-300x225.jpeg 300w, https:\/\/impactcirclegermany.eu\/wp-content\/uploads\/2026\/01\/10-768x576.jpeg 768w, https:\/\/impactcirclegermany.eu\/wp-content\/uploads\/2026\/01\/10-16x12.jpeg 16w\" sizes=\"(max-width: 800px) 100vw, 800px\" \/><\/a>\n\t\t\t<\/div><\/figure><figure class='gallery-item'>\n\t\t\t<div class='gallery-icon landscape'>\n\t\t\t\t<a data-elementor-open-lightbox=\"yes\" data-elementor-lightbox-slideshow=\"70b9d8a\" data-elementor-lightbox-title=\"9\" data-e-action-hash=\"#elementor-action%3Aaction%3Dlightbox%26settings%3DeyJpZCI6MTA1NCwidXJsIjoiaHR0cHM6XC9cL2ltcGFjdGNpcmNsZWdlcm1hbnkuZXVcL3dwLWNvbnRlbnRcL3VwbG9hZHNcLzIwMjZcLzAxXC85LmpwZWciLCJzbGlkZXNob3ciOiI3MGI5ZDhhIn0%3D\" href='https:\/\/impactcirclegermany.eu\/wp-content\/uploads\/2026\/01\/9.jpeg'><img loading=\"lazy\" decoding=\"async\" width=\"800\" height=\"600\" src=\"https:\/\/impactcirclegermany.eu\/wp-content\/uploads\/2026\/01\/9.jpeg\" class=\"attachment-large size-large\" alt=\"\" srcset=\"https:\/\/impactcirclegermany.eu\/wp-content\/uploads\/2026\/01\/9.jpeg 1016w, https:\/\/impactcirclegermany.eu\/wp-content\/uploads\/2026\/01\/9-300x225.jpeg 300w, https:\/\/impactcirclegermany.eu\/wp-content\/uploads\/2026\/01\/9-768x576.jpeg 768w, https:\/\/impactcirclegermany.eu\/wp-content\/uploads\/2026\/01\/9-16x12.jpeg 16w\" sizes=\"(max-width: 800px) 100vw, 800px\" \/><\/a>\n\t\t\t<\/div><\/figure><figure class='gallery-item'>\n\t\t\t<div class='gallery-icon landscape'>\n\t\t\t\t<a data-elementor-open-lightbox=\"yes\" data-elementor-lightbox-slideshow=\"70b9d8a\" data-elementor-lightbox-title=\"Picture of feasibility study 1\" data-e-action-hash=\"#elementor-action%3Aaction%3Dlightbox%26settings%3DeyJpZCI6MTAzMCwidXJsIjoiaHR0cHM6XC9cL2ltcGFjdGNpcmNsZWdlcm1hbnkuZXVcL3dwLWNvbnRlbnRcL3VwbG9hZHNcLzIwMjZcLzAxXC9QaWN0dXJlLW9mLWZlYXNpYmlsaXR5LXN0dWR5LTEuanBlZyIsInNsaWRlc2hvdyI6IjcwYjlkOGEifQ%3D%3D\" href='https:\/\/impactcirclegermany.eu\/wp-content\/uploads\/2026\/01\/Picture-of-feasibility-study-1.jpeg'><img loading=\"lazy\" decoding=\"async\" width=\"800\" height=\"370\" src=\"https:\/\/impactcirclegermany.eu\/wp-content\/uploads\/2026\/01\/Picture-of-feasibility-study-1.jpeg\" class=\"attachment-large size-large\" alt=\"\" srcset=\"https:\/\/impactcirclegermany.eu\/wp-content\/uploads\/2026\/01\/Picture-of-feasibility-study-1.jpeg 1000w, https:\/\/impactcirclegermany.eu\/wp-content\/uploads\/2026\/01\/Picture-of-feasibility-study-1-300x139.jpeg 300w, https:\/\/impactcirclegermany.eu\/wp-content\/uploads\/2026\/01\/Picture-of-feasibility-study-1-768x355.jpeg 768w, https:\/\/impactcirclegermany.eu\/wp-content\/uploads\/2026\/01\/Picture-of-feasibility-study-1-18x8.jpeg 18w\" sizes=\"(max-width: 800px) 100vw, 800px\" \/><\/a>\n\t\t\t<\/div><\/figure>\n\t\t<\/div>\n\t\t<\/div>\n\t\t\t\t\t\t<\/div>\n\t\t\t\t<\/div>\n\t\t\t\t\t<\/div>\n\t\t\t\t<\/div>\n\t\t<div class=\"elementor-element elementor-element-b39c745 e-flex e-con-boxed e-con e-parent\" data-id=\"b39c745\" data-element_type=\"container\" data-e-type=\"container\">\n\t\t\t\t\t<div class=\"e-con-inner\">\n\t\t<div class=\"elementor-element elementor-element-1df803c e-con-full e-flex e-con e-child\" data-id=\"1df803c\" data-element_type=\"container\" data-e-type=\"container\">\n\t\t\t\t<div class=\"elementor-element elementor-element-4b00731 elementor-widget elementor-widget-text-editor\" data-id=\"4b00731\" data-element_type=\"widget\" data-e-type=\"widget\" data-widget_type=\"text-editor.default\">\n\t\t\t\t\t\t\t\t\t<p data-start=\"292\" data-end=\"391\">\ud83c\udf89 Impact Circle Germany e.V. re\u00e7oit l'approbation du Deutsches Kinderhilfswerk pour son projet<\/p><p data-start=\"393\" data-end=\"666\">Nous avons le plaisir d'annoncer que <strong data-start=\"442\" data-end=\"590\">Impact Circle Germany e.V. a re\u00e7u l'approbation pour son projet ax\u00e9 sur l'\u00e9ducation \u00e0 l'intelligence artificielle (IA) pour les enfants et les jeunes.<\/strong>, soutenu par <strong data-start=\"605\" data-end=\"639\">Deutsches Kinderhilfswerk e.V.<\/strong>en coop\u00e9ration avec Dell.<\/p><p data-start=\"668\" data-end=\"902\">Le projet vise \u00e0 initier les enfants et les jeunes \u00e0 la <strong data-start=\"731\" data-end=\"785\">les opportunit\u00e9s et les risques de l'intelligence artificielle<\/strong>promouvoir <strong data-start=\"795\" data-end=\"822\">comp\u00e9tences num\u00e9riques essentielles<\/strong>et encourager <strong data-start=\"838\" data-end=\"876\">la participation et la r\u00e9flexion des enfants<\/strong> sur les technologies \u00e9mergentes.<\/p><p data-start=\"904\" data-end=\"1106\">Le projet sera mis en \u0153uvre par le biais d'ateliers interactifs, d'un apprentissage soutenu par les pairs et d'une pr\u00e9sentation finale dirig\u00e9e par les enfants. De plus amples informations seront communiqu\u00e9es une fois que l'accord de financement officiel aura \u00e9t\u00e9 finalis\u00e9.<\/p><p data-start=\"1108\" data-end=\"1268\">Nous remercions sinc\u00e8rement Deutsches Kinderhilfswerk e.V. pour la confiance et le soutien qu'ils nous ont accord\u00e9s dans le cadre du renforcement de l'action de l'Union europ\u00e9enne. <strong data-start=\"1203\" data-end=\"1267\">l'\u00e9ducation num\u00e9rique et les droits de l'enfant dans l'espace num\u00e9rique<\/strong>.<\/p>\t\t\t\t\t\t\t\t<\/div>\n\t\t\t\t<\/div>\n\t\t\t\t\t<\/div>\n\t\t\t\t<\/div>\n\t\t<div class=\"elementor-element elementor-element-9ef49f6 e-flex e-con-boxed e-con e-parent\" data-id=\"9ef49f6\" data-element_type=\"container\" data-e-type=\"container\">\n\t\t\t\t\t<div class=\"e-con-inner\">\n\t\t\t\t<div class=\"elementor-element elementor-element-bef5fea elementor-widget elementor-widget-button\" data-id=\"bef5fea\" data-element_type=\"widget\" data-e-type=\"widget\" data-widget_type=\"button.default\">\n\t\t\t\t\t\t\t\t\t\t<a class=\"elementor-button elementor-button-link elementor-size-sm\" href=\"https:\/\/impactcirclegermany.eu\/fr\/donate\/\">\n\t\t\t\t\t\t<span class=\"elementor-button-content-wrapper\">\n\t\t\t\t\t\t\t\t\t<span class=\"elementor-button-text\">Faire un don<\/span>\n\t\t\t\t\t<\/span>\n\t\t\t\t\t<\/a>\n\t\t\t\t\t\t\t\t<\/div>\n\t\t\t\t\t<\/div>\n\t\t\t\t<\/div>\n\t\t\t\t<\/div>","protected":false},"excerpt":{"rendered":"<p>Education in Crisis: Supporting Displaced Children in Melong, Cameroon Programme Overview Impact Circle Germany e.V. is supporting conflict-affected children and families in Cameroon through an education programme implemented in partnership with Impact Circle for Nature (ICFN). The programme responds to the urgent educational needs of internally displaced children who have fled the ongoing Anglophone Crisis [&hellip;]<\/p>","protected":false},"author":2,"featured_media":0,"parent":0,"menu_order":0,"comment_status":"closed","ping_status":"closed","template":"","meta":{"footnotes":""},"class_list":["post-993","page","type-page","status-publish","hentry"],"_links":{"self":[{"href":"https:\/\/impactcirclegermany.eu\/fr\/wp-json\/wp\/v2\/pages\/993","targetHints":{"allow":["GET"]}}],"collection":[{"href":"https:\/\/impactcirclegermany.eu\/fr\/wp-json\/wp\/v2\/pages"}],"about":[{"href":"https:\/\/impactcirclegermany.eu\/fr\/wp-json\/wp\/v2\/types\/page"}],"author":[{"embeddable":true,"href":"https:\/\/impactcirclegermany.eu\/fr\/wp-json\/wp\/v2\/users\/2"}],"replies":[{"embeddable":true,"href":"https:\/\/impactcirclegermany.eu\/fr\/wp-json\/wp\/v2\/comments?post=993"}],"version-history":[{"count":16,"href":"https:\/\/impactcirclegermany.eu\/fr\/wp-json\/wp\/v2\/pages\/993\/revisions"}],"predecessor-version":[{"id":1186,"href":"https:\/\/impactcirclegermany.eu\/fr\/wp-json\/wp\/v2\/pages\/993\/revisions\/1186"}],"wp:attachment":[{"href":"https:\/\/impactcirclegermany.eu\/fr\/wp-json\/wp\/v2\/media?parent=993"}],"curies":[{"name":"wp","href":"https:\/\/api.w.org\/{rel}","templated":true}]}}